{"id":6345,"date":"2022-09-22T09:01:26","date_gmt":"2022-09-22T09:01:26","guid":{"rendered":"https:\/\/mabuko.co.mz\/?post_type=product&#038;p=6345"},"modified":"2023-01-09T12:32:56","modified_gmt":"2023-01-09T12:32:56","slug":"perspectivas-de-desenvolvimento-sustentavel","status":"publish","type":"product","link":"https:\/\/mabuko.co.mz\/site\/?product=perspectivas-de-desenvolvimento-sustentavel","title":{"rendered":"PERSPECTIVAS DE DESENVOLVIMENTO SUSTENT\u00c1VEL"},"content":{"rendered":"<p>Jos\u00e9 Maria Carvalho Ferreira<\/p>\n<p>9789725613702<\/p>\n","protected":false},"excerpt":{"rendered":"<p><strong>SINOPSE<\/strong><\/p>\n<p>O livro que aqui apresentamos, Perspectivas de Desenvolvimento Sustent\u00e1vel, expressa as investiga\u00e7\u00f5es singulares de membros da linha de investiga\u00e7\u00e3o em Desenvolvimento Sustent\u00e1vel, Terceiro Sector e Redes Sociais. Cont\u00e9m perspectivas de diferentes proveni\u00eancias anal\u00edticas, sejam elas de projectos de investiga\u00e7\u00e3o em curso, sejam de teorias ou modelos cient\u00edficos contempor\u00e2neos.<\/p>\n","protected":false},"featured_media":6346,"template":"","meta":{"_monsterinsights_skip_tracking":false,"_monsterinsights_sitenote_active":false,"_monsterinsights_sitenote_note":"","_monsterinsights_sitenote_category":0},"product_cat":[102],"product_tag":[],"class_list":{"0":"post-6345","1":"product","2":"type-product","3":"status-publish","4":"has-post-thumbnail","6":"product_cat-livros-tecnicos","7":"pa_book-author-jose-maria-carvalho-ferreira","9":"first","10":"outofstock","11":"shipping-taxable","12":"purchasable","13":"product-type-simple"},"_links":{"self":[{"href":"https:\/\/mabuko.co.mz\/site\/index.php?rest_route=\/wp\/v2\/product\/6345","targetHints":{"allow":["GET"]}}],"collection":[{"href":"https:\/\/mabuko.co.mz\/site\/index.php?rest_route=\/wp\/v2\/product"}],"about":[{"href":"https:\/\/mabuko.co.mz\/site\/index.php?rest_route=\/wp\/v2\/types\/product"}],"wp:featuredmedia":[{"embeddable":true,"href":"https:\/\/mabuko.co.mz\/site\/index.php?rest_route=\/wp\/v2\/media\/6346"}],"wp:attachment":[{"href":"https:\/\/mabuko.co.mz\/site\/index.php?rest_route=%2Fwp%2Fv2%2Fmedia&parent=6345"}],"wp:term":[{"taxonomy":"product_cat","embeddable":true,"href":"https:\/\/mabuko.co.mz\/site\/index.php?rest_route=%2Fwp%2Fv2%2Fproduct_cat&post=6345"},{"taxonomy":"product_tag","embeddable":true,"href":"https:\/\/mabuko.co.mz\/site\/index.php?rest_route=%2Fwp%2Fv2%2Fproduct_tag&post=6345"}],"curies":[{"name":"wp","href":"https:\/\/api.w.org\/{rel}","templated":true}]}}