{"id":6342,"date":"2022-09-22T08:30:49","date_gmt":"2022-09-22T08:30:49","guid":{"rendered":"https:\/\/mabuko.co.mz\/?post_type=product&#038;p=6342"},"modified":"2023-01-09T12:33:52","modified_gmt":"2023-01-09T12:33:52","slug":"marketing-de-seguros","status":"publish","type":"product","link":"https:\/\/mabuko.co.mz\/site\/?product=marketing-de-seguros","title":{"rendered":"MARKETING DE SEGUROS"},"content":{"rendered":"<p>Manuel Leiria<\/p>\n<p>9789725923689<\/p>\n","protected":false},"excerpt":{"rendered":"<p><strong>SINOPSE<\/strong><\/p>\n<p>\u00abNuma \u00e1rea de neg\u00f3cio, onde n\u00e3o abundam obras especializadas na tem\u00e1tica do Marketing, este livro \u00e9 um \u201c must have \u201c para os profissionais do sector, estudantes de Marketing e todos aqueles que se interessam pelos temas do Marketing\u00bb<\/p>\n<p>Rui Ventura<br \/>\nPresidente APPM<\/p>\n<p>\u00ab Um manual completo e bem sistematizado do marketing de seguros contempor\u00e2neo, \u00e9tico e respons\u00e1vel. Uma obra muito did\u00e1ctica e bem estruturada, cobrindo as principais tem\u00e1ticas desta actividade.\u00bb<\/p>\n<p>Isabel Canha<br \/>\nDirectora da Revista Exame<\/p>\n","protected":false},"featured_media":6344,"template":"","meta":{"_monsterinsights_skip_tracking":false,"_monsterinsights_sitenote_active":false,"_monsterinsights_sitenote_note":"","_monsterinsights_sitenote_category":0},"product_cat":[102],"product_tag":[],"class_list":{"0":"post-6342","1":"product","2":"type-product","3":"status-publish","4":"has-post-thumbnail","6":"product_cat-livros-tecnicos","7":"pa_book-author-manuel-leiria","9":"first","10":"outofstock","11":"shipping-taxable","12":"purchasable","13":"product-type-simple"},"_links":{"self":[{"href":"https:\/\/mabuko.co.mz\/site\/index.php?rest_route=\/wp\/v2\/product\/6342","targetHints":{"allow":["GET"]}}],"collection":[{"href":"https:\/\/mabuko.co.mz\/site\/index.php?rest_route=\/wp\/v2\/product"}],"about":[{"href":"https:\/\/mabuko.co.mz\/site\/index.php?rest_route=\/wp\/v2\/types\/product"}],"wp:featuredmedia":[{"embeddable":true,"href":"https:\/\/mabuko.co.mz\/site\/index.php?rest_route=\/wp\/v2\/media\/6344"}],"wp:attachment":[{"href":"https:\/\/mabuko.co.mz\/site\/index.php?rest_route=%2Fwp%2Fv2%2Fmedia&parent=6342"}],"wp:term":[{"taxonomy":"product_cat","embeddable":true,"href":"https:\/\/mabuko.co.mz\/site\/index.php?rest_route=%2Fwp%2Fv2%2Fproduct_cat&post=6342"},{"taxonomy":"product_tag","embeddable":true,"href":"https:\/\/mabuko.co.mz\/site\/index.php?rest_route=%2Fwp%2Fv2%2Fproduct_tag&post=6342"}],"curies":[{"name":"wp","href":"https:\/\/api.w.org\/{rel}","templated":true}]}}