{"id":6340,"date":"2022-09-22T08:18:25","date_gmt":"2022-09-22T08:18:25","guid":{"rendered":"https:\/\/mabuko.co.mz\/?post_type=product&#038;p=6340"},"modified":"2023-01-09T12:35:21","modified_gmt":"2023-01-09T12:35:21","slug":"nocoes-sobre-historia-do-direito-classico-e-mocambicano","status":"publish","type":"product","link":"https:\/\/mabuko.co.mz\/site\/?product=nocoes-sobre-historia-do-direito-classico-e-mocambicano","title":{"rendered":"NO\u00c7\u00d5ES SOBRE HIST\u00d3RIA DO DIREITO CL\u00c1SSICO E MO\u00c7AMBICANO"},"content":{"rendered":"<p>Leandro Paul<\/p>\n","protected":false},"excerpt":{"rendered":"<p><strong>SINOPSE<\/strong><\/p>\n<p>As presentes \u201cNo\u00e7\u00f5es sobre Hist\u00f3ria do Direito Cl\u00e1ssico e Mo\u00e7ambicano\u201d destinam-se a todas as pessoas interessadas, mas fundamentalmente, aos estudantes universit\u00e1rios, bem como aos docentes dos cursos de Ci\u00eancias Jur\u00eddicas ministrados na quase totalidade das institui\u00e7\u00f5es de ensino superior no nosso Pais.<\/p>\n<p>Esta obra tem a particularidade de sistematizar, pela primeira vez, conhecimentos gerais sobre a Hist\u00f3ria do Direito Mo\u00e7ambicano, uma mat\u00e9ria, at\u00e9 aqui, pouco desenvolvida pelos nossos historiadores e, at\u00e9 mesmo, pelos nossos juristas.<\/p>\n<p>Fornece, igualmente, informa\u00e7\u00e3o acad\u00e9mica, com car\u00e1cter pedag\u00f3gico, sobre a Hist\u00f3ria do Direito Cl\u00e1ssico, acerca das v\u00e1rias civiliza\u00e7\u00f5es milenares que influenciaram o Direito mo\u00e7ambicano, e que est\u00e1 dispersa em v\u00e1rias obras, por vezes bastante volumosas e nem sempre de f\u00e1cil acesso, consulta ou leitura pelos estudantes<b>.<\/b><\/p>\n","protected":false},"featured_media":6341,"template":"","meta":{"_monsterinsights_skip_tracking":false,"_monsterinsights_sitenote_active":false,"_monsterinsights_sitenote_note":"","_monsterinsights_sitenote_category":0},"product_cat":[102],"product_tag":[],"class_list":{"0":"post-6340","1":"product","2":"type-product","3":"status-publish","4":"has-post-thumbnail","6":"product_cat-livros-tecnicos","7":"pa_book-author-leandro-paul","9":"first","10":"outofstock","11":"shipping-taxable","12":"purchasable","13":"product-type-simple"},"_links":{"self":[{"href":"https:\/\/mabuko.co.mz\/site\/index.php?rest_route=\/wp\/v2\/product\/6340","targetHints":{"allow":["GET"]}}],"collection":[{"href":"https:\/\/mabuko.co.mz\/site\/index.php?rest_route=\/wp\/v2\/product"}],"about":[{"href":"https:\/\/mabuko.co.mz\/site\/index.php?rest_route=\/wp\/v2\/types\/product"}],"wp:featuredmedia":[{"embeddable":true,"href":"https:\/\/mabuko.co.mz\/site\/index.php?rest_route=\/wp\/v2\/media\/6341"}],"wp:attachment":[{"href":"https:\/\/mabuko.co.mz\/site\/index.php?rest_route=%2Fwp%2Fv2%2Fmedia&parent=6340"}],"wp:term":[{"taxonomy":"product_cat","embeddable":true,"href":"https:\/\/mabuko.co.mz\/site\/index.php?rest_route=%2Fwp%2Fv2%2Fproduct_cat&post=6340"},{"taxonomy":"product_tag","embeddable":true,"href":"https:\/\/mabuko.co.mz\/site\/index.php?rest_route=%2Fwp%2Fv2%2Fproduct_tag&post=6340"}],"curies":[{"name":"wp","href":"https:\/\/api.w.org\/{rel}","templated":true}]}}