{"id":6338,"date":"2022-09-22T07:50:39","date_gmt":"2022-09-22T07:50:39","guid":{"rendered":"https:\/\/mabuko.co.mz\/?post_type=product&#038;p=6338"},"modified":"2023-01-09T12:36:44","modified_gmt":"2023-01-09T12:36:44","slug":"principal-legislacao-financeira-e-avisos-do-banco-de-mocambique","status":"publish","type":"product","link":"https:\/\/mabuko.co.mz\/site\/?product=principal-legislacao-financeira-e-avisos-do-banco-de-mocambique","title":{"rendered":"PRINCIPAL LEGISLA\u00c7\u00c3O FINANCEIRA E AVISOS DO BANCO DE MO\u00c7AMBIQUE"},"content":{"rendered":"<p>Edson da Gra\u00e7a Francisco Macu\u00e1cua<\/p>\n<p>9789928784520<\/p>\n","protected":false},"excerpt":{"rendered":"<p><strong>SINOPSE<\/strong><\/p>\n<p>A colect\u00e2nea \u00e9 constitu\u00edda por quatro cap\u00edtulos: o primeiro dedica-se \u00e0 Constitui\u00e7\u00e3o Financeira, que compreende os extractos da Constitui\u00e7\u00e3o Financeira, o segundo \u00e9 dedicado \u00e0 Legisla\u00e7\u00e3o financeira, aprovada pela Assembleia da Rep\u00fablica, e terceira \u00e9 reservada aos decretos Regulamentares aprovados pelo Governo e o quarto \u00e9 reservado aos avisos do Banco de Mo\u00e7ambique, alguns dos quais s\u00e3o materialmente regulamentos de leis financeiras aprovadas pela Assembleia da Rep\u00fablica.<\/p>\n<p>A presente Colect\u00e2nea, facilita a localiza\u00e7\u00e3o, conjuga\u00e7\u00e3o, interpreta\u00e7\u00e3o e aplica\u00e7\u00e3o de diversos actos normativos aprovados por \u00f3rg\u00e3os com poder normativo, para regular a actividade financeira na esfera p\u00fablica e privada.<\/p>\n","protected":false},"featured_media":6366,"template":"","meta":{"_monsterinsights_skip_tracking":false,"_monsterinsights_sitenote_active":false,"_monsterinsights_sitenote_note":"","_monsterinsights_sitenote_category":0},"product_cat":[102],"product_tag":[],"class_list":{"0":"post-6338","1":"product","2":"type-product","3":"status-publish","4":"has-post-thumbnail","6":"product_cat-livros-tecnicos","7":"pa_book-author-edson-da-graca-francisco-macuacua","9":"first","10":"outofstock","11":"shipping-taxable","12":"purchasable","13":"product-type-simple"},"_links":{"self":[{"href":"https:\/\/mabuko.co.mz\/site\/index.php?rest_route=\/wp\/v2\/product\/6338","targetHints":{"allow":["GET"]}}],"collection":[{"href":"https:\/\/mabuko.co.mz\/site\/index.php?rest_route=\/wp\/v2\/product"}],"about":[{"href":"https:\/\/mabuko.co.mz\/site\/index.php?rest_route=\/wp\/v2\/types\/product"}],"wp:featuredmedia":[{"embeddable":true,"href":"https:\/\/mabuko.co.mz\/site\/index.php?rest_route=\/wp\/v2\/media\/6366"}],"wp:attachment":[{"href":"https:\/\/mabuko.co.mz\/site\/index.php?rest_route=%2Fwp%2Fv2%2Fmedia&parent=6338"}],"wp:term":[{"taxonomy":"product_cat","embeddable":true,"href":"https:\/\/mabuko.co.mz\/site\/index.php?rest_route=%2Fwp%2Fv2%2Fproduct_cat&post=6338"},{"taxonomy":"product_tag","embeddable":true,"href":"https:\/\/mabuko.co.mz\/site\/index.php?rest_route=%2Fwp%2Fv2%2Fproduct_tag&post=6338"}],"curies":[{"name":"wp","href":"https:\/\/api.w.org\/{rel}","templated":true}]}}