{"id":6336,"date":"2022-09-22T07:22:38","date_gmt":"2022-09-22T07:22:38","guid":{"rendered":"https:\/\/mabuko.co.mz\/?post_type=product&#038;p=6336"},"modified":"2023-01-09T12:37:34","modified_gmt":"2023-01-09T12:37:34","slug":"elucidario-como-elaborar-contratos-e-outros-documentos","status":"publish","type":"product","link":"https:\/\/mabuko.co.mz\/site\/?product=elucidario-como-elaborar-contratos-e-outros-documentos","title":{"rendered":"ELUCID\u00c1RIO : COMO ELABORAR CONTRATOS E OUTROS DOCUMENTOS"},"content":{"rendered":"<p>D\u00e9bora Riobom dos Santos<\/p>\n<p>Raquel de Almeida<br \/>\n9789725924419<\/p>\n","protected":false},"excerpt":{"rendered":"<p><strong>SINOPSE<\/strong><\/p>\n<p>Como elaborar contratos e outros documentos<br \/>\n\u2022 Civil<br \/>\n\u2022 Comercial<br \/>\n\u2022 Laboral<br \/>\n\u2022 Fam\u00edlia<br \/>\n\u2022 Cr\u00e9dito<br \/>\n\u2022 Resolu\u00e7\u00e3o de lit\u00edgios<br \/>\n\u2022 Pr\u00e1tica notarial<br \/>\n\u2022 Outros<\/p>\n<p>Esta \u00e9 uma obra pensada para auxiliar todos aqueles que est\u00e3o ligados ao direito, quer acad\u00e9mica, quer profissionalmente.<\/p>\n<p>Por esse facto, apresenta uma estrutura composta por dez partes, em que cada uma delas representa um tema.<br \/>\nDentro de cada tema, \u00e9 feita inicialmente uma abordagem sob o ponto de vista te\u00f3rico, com elucida\u00e7\u00e3o de no\u00e7\u00f5es b\u00e1sicas e indica\u00e7\u00e3o do regime jur\u00eddico aplic\u00e1vel a cada mat\u00e9ria e posteriormente \u00e9 elaborada a apresenta\u00e7\u00e3o<br \/>\npr\u00e1tica das mat\u00e9rias, atrav\u00e9s de minutas e requerimentos tipo.<\/p>\n<p>As minutas e requerimentos apresentados, foram elaboradas de acordo com situa\u00e7\u00f5es hipot\u00e9ticas, de car\u00e1cter geral, carecendo das necess\u00e1rias adapta\u00e7\u00f5es, de acordo com as necessidades dos seus utilizadores.<br \/>\nNa impossibilidade de numa s\u00f3 obra contemplarmos todo o tipo de rela\u00e7\u00f5es jur\u00eddicas, opt\u00e1mos por fazer uma selec\u00e7\u00e3o das que entendemos serem de maior utilidade para os seus utilizadores, desejando que a presente obra seja um auxiliar na elabora\u00e7\u00e3o de contratos e na resolu\u00e7\u00e3o de lit\u00edgios.<\/p>\n","protected":false},"featured_media":6337,"template":"","meta":{"_monsterinsights_skip_tracking":false,"_monsterinsights_sitenote_active":false,"_monsterinsights_sitenote_note":"","_monsterinsights_sitenote_category":0},"product_cat":[102],"product_tag":[],"class_list":{"0":"post-6336","1":"product","2":"type-product","3":"status-publish","4":"has-post-thumbnail","6":"product_cat-livros-tecnicos","7":"pa_book-author-debora-riobom-dos-santos","8":"pa_book-author-raquel-de-almeida","10":"first","11":"outofstock","12":"shipping-taxable","13":"purchasable","14":"product-type-simple"},"_links":{"self":[{"href":"https:\/\/mabuko.co.mz\/site\/index.php?rest_route=\/wp\/v2\/product\/6336","targetHints":{"allow":["GET"]}}],"collection":[{"href":"https:\/\/mabuko.co.mz\/site\/index.php?rest_route=\/wp\/v2\/product"}],"about":[{"href":"https:\/\/mabuko.co.mz\/site\/index.php?rest_route=\/wp\/v2\/types\/product"}],"wp:featuredmedia":[{"embeddable":true,"href":"https:\/\/mabuko.co.mz\/site\/index.php?rest_route=\/wp\/v2\/media\/6337"}],"wp:attachment":[{"href":"https:\/\/mabuko.co.mz\/site\/index.php?rest_route=%2Fwp%2Fv2%2Fmedia&parent=6336"}],"wp:term":[{"taxonomy":"product_cat","embeddable":true,"href":"https:\/\/mabuko.co.mz\/site\/index.php?rest_route=%2Fwp%2Fv2%2Fproduct_cat&post=6336"},{"taxonomy":"product_tag","embeddable":true,"href":"https:\/\/mabuko.co.mz\/site\/index.php?rest_route=%2Fwp%2Fv2%2Fproduct_tag&post=6336"}],"curies":[{"name":"wp","href":"https:\/\/api.w.org\/{rel}","templated":true}]}}