{"id":6312,"date":"2022-09-15T14:04:29","date_gmt":"2022-09-15T14:04:29","guid":{"rendered":"https:\/\/mabuko.co.mz\/?post_type=product&#038;p=6312"},"modified":"2023-01-09T12:47:40","modified_gmt":"2023-01-09T12:47:40","slug":"risco-financeiro-medida-e-gestao","status":"publish","type":"product","link":"https:\/\/mabuko.co.mz\/site\/?product=risco-financeiro-medida-e-gestao","title":{"rendered":"RISCO FINANCEIRO \u2013 MEDIDA E GEST\u00c3O"},"content":{"rendered":"<p>Carlos Pinho<\/p>\n<p>Elisabete Vieira<\/p>\n<p>Mara Madaleno<\/p>\n<p>Ricardo Valente<br \/>\n9789726186588<\/p>\n","protected":false},"excerpt":{"rendered":"<p><strong>SINOPSE<\/strong><\/p>\n<p align=\"justify\">Num mundo caracterizado pela globaliza\u00e7\u00e3o, e num momento em que vivemos uma enorme crise financeira, as empresas est\u00e3o sujeitas a diferentes tipos de risco, nomeadamente risco de mercado, de pre\u00e7o, cambial e de taxa de juro. Se alguns tipos de risco n\u00e3o se podem eliminar, outros h\u00e1 que, via estrat\u00e9gias de cobertura, podem ser reduzidos.<\/p>\n<p align=\"justify\">Esta obra apresenta uma exposi\u00e7\u00e3o te\u00f3rica das problem\u00e1ticas associadas \u00e0 gest\u00e3o do risco. Os v\u00e1rios tipos de instrumentos de cobertura de risco existentes, a racionalidade subjacente \u00e0 sua utiliza\u00e7\u00e3o, a sua forma de avalia\u00e7\u00e3o e as v\u00e1rias componentes de risco que as empresas financeiras e n\u00e3o financeiras t\u00eam que gerir no seu dia-a-dia.<\/p>\n<p align=\"justify\">Casos pr\u00e1ticos ilustram a teoria de modo a que os leitores mais facilmente consolidem e operacionalizem os conhecimentos adquiridos e deles tirem partido.<\/p>\n","protected":false},"featured_media":6315,"template":"","meta":{"_monsterinsights_skip_tracking":false,"_monsterinsights_sitenote_active":false,"_monsterinsights_sitenote_note":"","_monsterinsights_sitenote_category":0},"product_cat":[102],"product_tag":[],"class_list":{"0":"post-6312","1":"product","2":"type-product","3":"status-publish","4":"has-post-thumbnail","6":"product_cat-livros-tecnicos","7":"pa_book-author-carlos-pinho","8":"pa_book-author-elisabete-vieira","9":"pa_book-author-mara-madaleno","10":"pa_book-author-ricardo-valente","12":"first","13":"outofstock","14":"shipping-taxable","15":"purchasable","16":"product-type-simple"},"_links":{"self":[{"href":"https:\/\/mabuko.co.mz\/site\/index.php?rest_route=\/wp\/v2\/product\/6312","targetHints":{"allow":["GET"]}}],"collection":[{"href":"https:\/\/mabuko.co.mz\/site\/index.php?rest_route=\/wp\/v2\/product"}],"about":[{"href":"https:\/\/mabuko.co.mz\/site\/index.php?rest_route=\/wp\/v2\/types\/product"}],"wp:featuredmedia":[{"embeddable":true,"href":"https:\/\/mabuko.co.mz\/site\/index.php?rest_route=\/wp\/v2\/media\/6315"}],"wp:attachment":[{"href":"https:\/\/mabuko.co.mz\/site\/index.php?rest_route=%2Fwp%2Fv2%2Fmedia&parent=6312"}],"wp:term":[{"taxonomy":"product_cat","embeddable":true,"href":"https:\/\/mabuko.co.mz\/site\/index.php?rest_route=%2Fwp%2Fv2%2Fproduct_cat&post=6312"},{"taxonomy":"product_tag","embeddable":true,"href":"https:\/\/mabuko.co.mz\/site\/index.php?rest_route=%2Fwp%2Fv2%2Fproduct_tag&post=6312"}],"curies":[{"name":"wp","href":"https:\/\/api.w.org\/{rel}","templated":true}]}}