{"id":6307,"date":"2022-09-15T13:52:42","date_gmt":"2022-09-15T13:52:42","guid":{"rendered":"https:\/\/mabuko.co.mz\/?post_type=product&#038;p=6307"},"modified":"2023-01-09T12:48:25","modified_gmt":"2023-01-09T12:48:25","slug":"calculo-para-economia-e-gestao","status":"publish","type":"product","link":"https:\/\/mabuko.co.mz\/site\/?product=calculo-para-economia-e-gestao","title":{"rendered":"C\u00c1LCULO PARA ECONOMIA E GEST\u00c3O"},"content":{"rendered":"<p>Cesaltina Pires<\/p>\n<p>9789725922989<\/p>\n","protected":false},"excerpt":{"rendered":"<p><strong>SINOPSE<\/strong><\/p>\n<p>&#8220;C\u00e1lculo para Economia e Gest\u00e3o \u00e9 um livro que combina rigor e intui\u00e7\u00e3o, teoria e aplica\u00e7\u00f5es, e que d\u00e1 \u00eanfase especial aos t\u00f3picos de C\u00e1lculo com maior utiliza\u00e7\u00e3o em Economia e Gest\u00e3o. A optimiza\u00e7\u00e3o est\u00e1tica ocupa um lugar central no livro. A mat\u00e9ria de optimiza\u00e7\u00e3o \u00e9 antecedida por v\u00e1rios cap\u00edtulos que cobrem limites, continuidade, diferenciabilidade e v\u00e1rios resultados de fun\u00e7\u00f5es diferenci\u00e1veis que s\u00e3o muito utilizados em Economia e Gest\u00e3o. O livro tem ainda um cap\u00edtulo sobre integra\u00e7\u00e3o e tr\u00eas cap\u00edtulos que introduzem instrumentos \u00fateis em modelos din\u00e2micos.<br \/>\nEm cada t\u00f3pico, a an\u00e1lise inicia-se com fun\u00e7\u00f5es de uma vari\u00e1vel sendo depois generalizada para fun\u00e7\u00f5es de v\u00e1rias vari\u00e1veis. As mat\u00e9rias s\u00e3o ilustradas atrav\u00e9s de figuras e exemplos e, no final de cada cap\u00edtulo, \u00e9 apresentada uma lista de exerc\u00edcios resolvidos e de exerc\u00edcios propostos para resolu\u00e7\u00e3o.<\/p>\n","protected":false},"featured_media":6308,"template":"","meta":{"_monsterinsights_skip_tracking":false,"_monsterinsights_sitenote_active":false,"_monsterinsights_sitenote_note":"","_monsterinsights_sitenote_category":0},"product_cat":[102],"product_tag":[],"class_list":{"0":"post-6307","1":"product","2":"type-product","3":"status-publish","4":"has-post-thumbnail","6":"product_cat-livros-tecnicos","7":"pa_book-author-cesaltina-pires","9":"first","10":"outofstock","11":"shipping-taxable","12":"purchasable","13":"product-type-simple"},"_links":{"self":[{"href":"https:\/\/mabuko.co.mz\/site\/index.php?rest_route=\/wp\/v2\/product\/6307","targetHints":{"allow":["GET"]}}],"collection":[{"href":"https:\/\/mabuko.co.mz\/site\/index.php?rest_route=\/wp\/v2\/product"}],"about":[{"href":"https:\/\/mabuko.co.mz\/site\/index.php?rest_route=\/wp\/v2\/types\/product"}],"wp:featuredmedia":[{"embeddable":true,"href":"https:\/\/mabuko.co.mz\/site\/index.php?rest_route=\/wp\/v2\/media\/6308"}],"wp:attachment":[{"href":"https:\/\/mabuko.co.mz\/site\/index.php?rest_route=%2Fwp%2Fv2%2Fmedia&parent=6307"}],"wp:term":[{"taxonomy":"product_cat","embeddable":true,"href":"https:\/\/mabuko.co.mz\/site\/index.php?rest_route=%2Fwp%2Fv2%2Fproduct_cat&post=6307"},{"taxonomy":"product_tag","embeddable":true,"href":"https:\/\/mabuko.co.mz\/site\/index.php?rest_route=%2Fwp%2Fv2%2Fproduct_tag&post=6307"}],"curies":[{"name":"wp","href":"https:\/\/api.w.org\/{rel}","templated":true}]}}