{"id":6299,"date":"2022-09-15T12:32:59","date_gmt":"2022-09-15T12:32:59","guid":{"rendered":"https:\/\/mabuko.co.mz\/?post_type=product&#038;p=6299"},"modified":"2023-01-09T12:50:23","modified_gmt":"2023-01-09T12:50:23","slug":"economia-globalizada-paradoxos-de-desenvolvimento","status":"publish","type":"product","link":"https:\/\/mabuko.co.mz\/site\/?product=economia-globalizada-paradoxos-de-desenvolvimento","title":{"rendered":"ECONOMIA GLOBALIZADA &#038; PARADOXOS DE DESENVOLVIMENTO"},"content":{"rendered":"<p>Salim Cripton Val\u00e1<\/p>\n<p>9789896701321<\/p>\n","protected":false},"excerpt":{"rendered":"<p><strong>SINOPSE<\/strong><\/p>\n<p>A popula\u00e7\u00e3o mundial continua a aumentar rapidamente, estimando-se que na d\u00e9cada 2040 existir\u00e1 9 mil milh\u00f5es de almas. Essas milhares de milh\u00f5es de pessoas procuram ocupar o seu lugar numa economia mundial cada vez mais ligada atrav\u00e9s do comercio, finan\u00e7as, tecnologias, fluxos de produ\u00e7\u00e3o, migra\u00e7\u00e3o e redes sociais.<\/p>\n<p>A vasta economia global est\u00e1 a crescer rapidamente, com extrema desigualdade na distribui\u00e7\u00e3o dos rendimentos, num paradoxo marcado por riqueza fabulosa e pobreza extrema.<\/p>\n<p>Muito dos pa\u00edses\u00a0mais pobres do mundo, que se localizam em \u00c1frica, Am\u00e9rica Latina e Sudeste Asi\u00e1tico, foram \u201cpressionados\u201d a adoptar pol\u00edticas de mercado livre para assim poderem obter dinheiro emprestado pelas organiza\u00e7\u00f5es financeiras internacionais e os governos dos pa\u00edses\u00a0ricos. A fragilidade institucional de muitos dos pa\u00edses\u00a0em desenvolvimento tem propiciado a implementa\u00e7\u00e3o mec\u00e2nica das pol\u00edticas de mercado livre, mesmo se elas n\u00e3o beneficiam directamente a maior parte da popula\u00e7\u00e3o dos pa\u00edses.<\/p>\n<p>O debate dial\u00e9ctico entre a economia globalizada e o verdadeiro significado do desenvolvimento tem estado a pender a favor da primeira vari\u00e1vel, devido a sua for\u00e7a, influ\u00eancia e ubiquidade. A globaliza\u00e7\u00e3o teve not\u00f3rias externalidades positivas, tirou muitas pessoas da pobreza, mas persistem muitos paradoxos de desenvolvimento, muitas respostas n\u00e3o dadas, muitas incertezas, riscos e fen\u00f3menos imprevis\u00edveis e improv\u00e1veis, como a COVID-19, que desafiam a nossa imagina\u00e7\u00e3o, e deixam arrasados as fam\u00edlias pobres e atolados os governos dos pa\u00edses pobres.<\/p>\n<p>Passados 45 anos de independ\u00eancia, Mo\u00e7ambique continua a ser negativamente afectado pela volatilidade dos pre\u00e7os as mercadorias no mercado internacional, pelos choques externos como as crises econ\u00f3mico-financeiras, eventos\u00a0clim\u00e1ticos\u00a0extremos, instabilidade e conflitos e crises epidemiol\u00f3gicos como a COVID-19.<\/p>\n<p>Contrariar essa tend\u00eancia requer incrementar a produtividade e competitividade da sua economia, optar por um crescimento econ\u00f3mico mais inclusivo para gerar empregos de qualidade, promover uma economia\u00a0mais inclusivo para gerar empregos de qualidade, promover uma economia mais diversificada, apostar pesadamente na industrializa\u00e7\u00e3o, orientar-se mas para as exporta\u00e7\u00f5es e viabilizar uma adequada integra\u00e7\u00e3o econ\u00f3mica regional, para assim favorecer a transforma\u00e7\u00e3o estrutural.<\/p>\n<p>Tirar vantagens da globaliza\u00e7\u00e3o econ\u00f3mica e \u201cdomar os paradoxos de desenvolvimento\u201d requer olhar atenta e simultaneamente para dentro e para fora, e reconhecer que o mesmo as pol\u00edticas mais bem intencionadas e pensadas podem n\u00e3o ter\u00a0 impacto esperado se n\u00e3o forem executadas adequadamente, sendo vital apostar seriamente em boas pol\u00edticas e boas institui\u00e7\u00f5es, um planeamento rigorosas, gest\u00e3o criteriosa e pessoas bem treinadas, motivadas e com valores \u00e9ticos.<\/p>\n<p>&nbsp;<\/p>\n","protected":false},"featured_media":6301,"template":"","meta":{"_monsterinsights_skip_tracking":false,"_monsterinsights_sitenote_active":false,"_monsterinsights_sitenote_note":"","_monsterinsights_sitenote_category":0},"product_cat":[102],"product_tag":[],"class_list":{"0":"post-6299","1":"product","2":"type-product","3":"status-publish","4":"has-post-thumbnail","6":"product_cat-livros-tecnicos","7":"pa_book-author-salim-cripton-vala","9":"first","10":"outofstock","11":"shipping-taxable","12":"purchasable","13":"product-type-simple"},"_links":{"self":[{"href":"https:\/\/mabuko.co.mz\/site\/index.php?rest_route=\/wp\/v2\/product\/6299","targetHints":{"allow":["GET"]}}],"collection":[{"href":"https:\/\/mabuko.co.mz\/site\/index.php?rest_route=\/wp\/v2\/product"}],"about":[{"href":"https:\/\/mabuko.co.mz\/site\/index.php?rest_route=\/wp\/v2\/types\/product"}],"wp:featuredmedia":[{"embeddable":true,"href":"https:\/\/mabuko.co.mz\/site\/index.php?rest_route=\/wp\/v2\/media\/6301"}],"wp:attachment":[{"href":"https:\/\/mabuko.co.mz\/site\/index.php?rest_route=%2Fwp%2Fv2%2Fmedia&parent=6299"}],"wp:term":[{"taxonomy":"product_cat","embeddable":true,"href":"https:\/\/mabuko.co.mz\/site\/index.php?rest_route=%2Fwp%2Fv2%2Fproduct_cat&post=6299"},{"taxonomy":"product_tag","embeddable":true,"href":"https:\/\/mabuko.co.mz\/site\/index.php?rest_route=%2Fwp%2Fv2%2Fproduct_tag&post=6299"}],"curies":[{"name":"wp","href":"https:\/\/api.w.org\/{rel}","templated":true}]}}