{"id":6297,"date":"2022-09-15T09:38:56","date_gmt":"2022-09-15T09:38:56","guid":{"rendered":"https:\/\/mabuko.co.mz\/?post_type=product&#038;p=6297"},"modified":"2023-01-09T12:52:12","modified_gmt":"2023-01-09T12:52:12","slug":"temas-candentes-em-psicologia-do-desenvolvimento","status":"publish","type":"product","link":"https:\/\/mabuko.co.mz\/site\/?product=temas-candentes-em-psicologia-do-desenvolvimento","title":{"rendered":"TEMAS CANDENTES EM PSICOLOGIA DO DESENVOLVIMENTO"},"content":{"rendered":"<p>Paulo Sargento Dos Santos<\/p>\n<p>9789727962693<\/p>\n","protected":false},"excerpt":{"rendered":"<p><strong>SINOPSE<\/strong><\/p>\n<p>\u00abA presente obra est\u00e1 dividida em duas partes. A primeira, composta por quatro cap\u00edtulos de natureza te\u00f3rica, cr\u00edtica e\/ou espistemol\u00f3gica, \u00e9 dedicada a temas candentes de desenvolvimento cognitivo e social, a algumas das contribui\u00e7\u00f5es das neuroci\u00eancias e \u00e0s quest\u00f5es da sa\u00fade e das patologias do desenvolvimento.<br \/>\nA segunda parte, com dois cap\u00edtulos, \u00e9 constitu\u00edda por artigos de investiga\u00e7\u00e3o emp\u00edrica, nas \u00e1reas do desenvolvimento moral e nas \u00e1reas dos factores de risco e protec\u00e7\u00e3o. Contudo, esta divis\u00e3o e a, aparente, diversidade de temas, tem um objectivo fundamental: criar no leitor, em particular no estudante, a motiva\u00e7\u00e3o para encontrar, nessa diversidade, a Unidade dessa fascinante \u00e1rea que \u00e9 a psicologia do desenvolvimento humano. Este \u00e9 o seu maior desafio! Que a candura destes temas candentes favore\u00e7a o brilho e a luz do conhecimento.\u00bb<\/p>\n","protected":false},"featured_media":6298,"template":"","meta":{"_monsterinsights_skip_tracking":false,"_monsterinsights_sitenote_active":false,"_monsterinsights_sitenote_note":"","_monsterinsights_sitenote_category":0},"product_cat":[102],"product_tag":[],"class_list":{"0":"post-6297","1":"product","2":"type-product","3":"status-publish","4":"has-post-thumbnail","6":"product_cat-livros-tecnicos","7":"pa_book-author-paulo-sargento-dos-santos","9":"first","10":"outofstock","11":"shipping-taxable","12":"purchasable","13":"product-type-simple"},"_links":{"self":[{"href":"https:\/\/mabuko.co.mz\/site\/index.php?rest_route=\/wp\/v2\/product\/6297","targetHints":{"allow":["GET"]}}],"collection":[{"href":"https:\/\/mabuko.co.mz\/site\/index.php?rest_route=\/wp\/v2\/product"}],"about":[{"href":"https:\/\/mabuko.co.mz\/site\/index.php?rest_route=\/wp\/v2\/types\/product"}],"wp:featuredmedia":[{"embeddable":true,"href":"https:\/\/mabuko.co.mz\/site\/index.php?rest_route=\/wp\/v2\/media\/6298"}],"wp:attachment":[{"href":"https:\/\/mabuko.co.mz\/site\/index.php?rest_route=%2Fwp%2Fv2%2Fmedia&parent=6297"}],"wp:term":[{"taxonomy":"product_cat","embeddable":true,"href":"https:\/\/mabuko.co.mz\/site\/index.php?rest_route=%2Fwp%2Fv2%2Fproduct_cat&post=6297"},{"taxonomy":"product_tag","embeddable":true,"href":"https:\/\/mabuko.co.mz\/site\/index.php?rest_route=%2Fwp%2Fv2%2Fproduct_tag&post=6297"}],"curies":[{"name":"wp","href":"https:\/\/api.w.org\/{rel}","templated":true}]}}