{"id":6290,"date":"2022-09-15T09:15:24","date_gmt":"2022-09-15T09:15:24","guid":{"rendered":"https:\/\/mabuko.co.mz\/?post_type=product&#038;p=6290"},"modified":"2023-01-09T12:53:57","modified_gmt":"2023-01-09T12:53:57","slug":"sociedade-de-confianca-a-construcao-social-da-confianca-em-portugal","status":"publish","type":"product","link":"https:\/\/mabuko.co.mz\/site\/?product=sociedade-de-confianca-a-construcao-social-da-confianca-em-portugal","title":{"rendered":"SOCIEDADE DE CONFIAN\u00c7A A constru\u00e7\u00e3o social da confian\u00e7a em Portugal"},"content":{"rendered":"<p>Jos\u00e9 Maria Carvalho Ferreira<\/p>\n<p>9789725613504<\/p>\n","protected":false},"excerpt":{"rendered":"<p><strong>SINOPSE<\/strong><\/p>\n<p>O presente livro est\u00e1 estruturado em duas partes distintas.<br \/>\nA primeira, composta por tr\u00eas cap\u00edtulos nucleares, incide essencialmente sobre a teoria e a metodologia aplicada ao estudo da confian\u00e7a nas sociedades contempor\u00e2neas e, mais especificamente, em Portugal.<br \/>\nA segunda parte, composta por quatro cap\u00edtulos resulta de quatro projectos de investiga\u00e7\u00e3o com origens e especificidades distintas sobre o tema da confian\u00e7a.<\/p>\n","protected":false},"featured_media":6292,"template":"","meta":{"_monsterinsights_skip_tracking":false,"_monsterinsights_sitenote_active":false,"_monsterinsights_sitenote_note":"","_monsterinsights_sitenote_category":0},"product_cat":[102],"product_tag":[],"class_list":{"0":"post-6290","1":"product","2":"type-product","3":"status-publish","4":"has-post-thumbnail","6":"product_cat-livros-tecnicos","7":"pa_book-author-jose-maria-carvalho-ferreira","9":"first","10":"outofstock","11":"shipping-taxable","12":"purchasable","13":"product-type-simple"},"_links":{"self":[{"href":"https:\/\/mabuko.co.mz\/site\/index.php?rest_route=\/wp\/v2\/product\/6290","targetHints":{"allow":["GET"]}}],"collection":[{"href":"https:\/\/mabuko.co.mz\/site\/index.php?rest_route=\/wp\/v2\/product"}],"about":[{"href":"https:\/\/mabuko.co.mz\/site\/index.php?rest_route=\/wp\/v2\/types\/product"}],"wp:featuredmedia":[{"embeddable":true,"href":"https:\/\/mabuko.co.mz\/site\/index.php?rest_route=\/wp\/v2\/media\/6292"}],"wp:attachment":[{"href":"https:\/\/mabuko.co.mz\/site\/index.php?rest_route=%2Fwp%2Fv2%2Fmedia&parent=6290"}],"wp:term":[{"taxonomy":"product_cat","embeddable":true,"href":"https:\/\/mabuko.co.mz\/site\/index.php?rest_route=%2Fwp%2Fv2%2Fproduct_cat&post=6290"},{"taxonomy":"product_tag","embeddable":true,"href":"https:\/\/mabuko.co.mz\/site\/index.php?rest_route=%2Fwp%2Fv2%2Fproduct_tag&post=6290"}],"curies":[{"name":"wp","href":"https:\/\/api.w.org\/{rel}","templated":true}]}}