{"id":6282,"date":"2022-09-15T08:24:11","date_gmt":"2022-09-15T08:24:11","guid":{"rendered":"https:\/\/mabuko.co.mz\/?post_type=product&#038;p=6282"},"modified":"2023-01-09T11:35:23","modified_gmt":"2023-01-09T11:35:23","slug":"o-socialismo-do-silencio","status":"publish","type":"product","link":"https:\/\/mabuko.co.mz\/site\/?product=o-socialismo-do-silencio","title":{"rendered":"O SOCIALISMO DO SIL\u00caNCIO"},"content":{"rendered":"","protected":false},"excerpt":{"rendered":"<p><strong>SINOPSE<\/strong><\/p>\n<p>N\u00e3o \u00e9 segredo para ningu\u00e9m a pol\u00e9mica que tem a travar-se \u00e0 volta do \u00absocialismo existente\u00bb, por uns considerado como o socialismo ideal, ou, pelo menos, como o socialismo poss\u00edvel, e por outros encarado como a pr\u00f3pria nega\u00e7\u00e3o dos ideais socialistas. Sobre o tema em quest\u00e3o, muitos elementos t\u00eam vindo a lume nestes \u00faltimos tempos, defendendo quer uma, quer outra das posi\u00e7\u00f5es apontadas: recordem-se os trabalhos de Althusse ou de Elleinsten, de Charles Bettelheim ou de Roy Medvedev.<\/p>\n<p>Antigo membro do Partido Comunista Franc\u00eas, Pierre Daix toma, na obra que apresentamos, posi\u00e7\u00e3o neste debate e escaldante actualidade. Uma posi\u00e7\u00e3o pol\u00e9mica e extremamente cr\u00edtica, que n\u00e3o deixa, no entanto, de constituir uma achega importante para quem deseje conhecer os dados da quest\u00e3o a todas as faces do problema.<\/p>\n","protected":false},"featured_media":0,"template":"","meta":{"_monsterinsights_skip_tracking":false,"_monsterinsights_sitenote_active":false,"_monsterinsights_sitenote_note":"","_monsterinsights_sitenote_category":0},"product_cat":[102],"product_tag":[],"class_list":{"0":"post-6282","1":"product","2":"type-product","3":"status-publish","5":"product_cat-livros-tecnicos","6":"pa_book-author-pierre-daix","8":"first","9":"outofstock","10":"shipping-taxable","11":"purchasable","12":"product-type-simple"},"_links":{"self":[{"href":"https:\/\/mabuko.co.mz\/site\/index.php?rest_route=\/wp\/v2\/product\/6282","targetHints":{"allow":["GET"]}}],"collection":[{"href":"https:\/\/mabuko.co.mz\/site\/index.php?rest_route=\/wp\/v2\/product"}],"about":[{"href":"https:\/\/mabuko.co.mz\/site\/index.php?rest_route=\/wp\/v2\/types\/product"}],"wp:attachment":[{"href":"https:\/\/mabuko.co.mz\/site\/index.php?rest_route=%2Fwp%2Fv2%2Fmedia&parent=6282"}],"wp:term":[{"taxonomy":"product_cat","embeddable":true,"href":"https:\/\/mabuko.co.mz\/site\/index.php?rest_route=%2Fwp%2Fv2%2Fproduct_cat&post=6282"},{"taxonomy":"product_tag","embeddable":true,"href":"https:\/\/mabuko.co.mz\/site\/index.php?rest_route=%2Fwp%2Fv2%2Fproduct_tag&post=6282"}],"curies":[{"name":"wp","href":"https:\/\/api.w.org\/{rel}","templated":true}]}}