{"id":6253,"date":"2022-09-14T14:52:47","date_gmt":"2022-09-14T14:52:47","guid":{"rendered":"https:\/\/mabuko.co.mz\/?post_type=product&#038;p=6253"},"modified":"2023-01-09T11:36:11","modified_gmt":"2023-01-09T11:36:11","slug":"o-treino-do-futebolista","status":"publish","type":"product","link":"https:\/\/mabuko.co.mz\/site\/?product=o-treino-do-futebolista","title":{"rendered":"O TREINO DO FUTEBOLISTA"},"content":{"rendered":"","protected":false},"excerpt":{"rendered":"<p><strong>SINOPSE<\/strong><\/p>\n<p align=\"justify\">Com base no seu percurso profissional &#8211; integrou a equipa t\u00e9cnica da Selec\u00e7\u00e3o Nacional de Futebol e de clubes profissionais de topo &#8211; e na sua actividade acad\u00e9mica &#8211; \u00e9, actualmente, professor na Faculdade de Ci\u00eancias de Desporto e de Educa\u00e7\u00e3o F\u00edsica da Universidade do Porto &#8211; o autor partilha de forma objectiva e acess\u00edvel as suas op\u00e7\u00f5es para o treino do futebolista, aliando o indispens\u00e1vel rigor cient\u00edfico \u00e0 ilustra\u00e7\u00e3o dos assuntos expostos.<\/p>\n<p align=\"justify\">A preocupa\u00e7\u00e3o em aliar a ci\u00eancia e a pr\u00e1tica est\u00e1 presente ao longo de toda a obra. Como afirma Jos\u00e9 Soares no texto de apresenta\u00e7\u00e3o do livro, &#8220;&#8230; praticamente tudo o que aqui est\u00e1 escrito foi testado e colocado no mais rigoroso exame: o terreno e os jogadores. N\u00e3o \u00e9 portanto a descri\u00e7\u00e3o de meios e m\u00e9todos elaborados no gabinete, rodeado de livros e revistas. \u00c9, antes do mais, passar para o papel a viv\u00eancia no treino di\u00e1rio ao longo de alguns anos&#8221;.<\/p>\n<p align=\"justify\">Numa altura em que metodologia do treino no futebol merece uma aten\u00e7\u00e3o crescente por parte de todos os que se interessam pelo designado &#8220;desporto-rei&#8221;, incluindo os mais comuns dos adeptos, O Treino do Futebolista proporcionar\u00e1 uma leitura agrad\u00e1vel sobre uma mat\u00e9ria importante no futebol moderno.<\/p>\n","protected":false},"featured_media":6255,"template":"","meta":{"_monsterinsights_skip_tracking":false,"_monsterinsights_sitenote_active":false,"_monsterinsights_sitenote_note":"","_monsterinsights_sitenote_category":0},"product_cat":[103],"product_tag":[],"class_list":{"0":"post-6253","1":"product","2":"type-product","3":"status-publish","4":"has-post-thumbnail","6":"product_cat-literatura","7":"pa_book-author-jose-soares","9":"first","10":"outofstock","11":"shipping-taxable","12":"purchasable","13":"product-type-simple"},"_links":{"self":[{"href":"https:\/\/mabuko.co.mz\/site\/index.php?rest_route=\/wp\/v2\/product\/6253","targetHints":{"allow":["GET"]}}],"collection":[{"href":"https:\/\/mabuko.co.mz\/site\/index.php?rest_route=\/wp\/v2\/product"}],"about":[{"href":"https:\/\/mabuko.co.mz\/site\/index.php?rest_route=\/wp\/v2\/types\/product"}],"wp:featuredmedia":[{"embeddable":true,"href":"https:\/\/mabuko.co.mz\/site\/index.php?rest_route=\/wp\/v2\/media\/6255"}],"wp:attachment":[{"href":"https:\/\/mabuko.co.mz\/site\/index.php?rest_route=%2Fwp%2Fv2%2Fmedia&parent=6253"}],"wp:term":[{"taxonomy":"product_cat","embeddable":true,"href":"https:\/\/mabuko.co.mz\/site\/index.php?rest_route=%2Fwp%2Fv2%2Fproduct_cat&post=6253"},{"taxonomy":"product_tag","embeddable":true,"href":"https:\/\/mabuko.co.mz\/site\/index.php?rest_route=%2Fwp%2Fv2%2Fproduct_tag&post=6253"}],"curies":[{"name":"wp","href":"https:\/\/api.w.org\/{rel}","templated":true}]}}