{"id":6251,"date":"2022-09-14T14:40:35","date_gmt":"2022-09-14T14:40:35","guid":{"rendered":"https:\/\/mabuko.co.mz\/?post_type=product&#038;p=6251"},"modified":"2023-01-09T11:38:24","modified_gmt":"2023-01-09T11:38:24","slug":"termodinamica","status":"publish","type":"product","link":"https:\/\/mabuko.co.mz\/site\/?product=termodinamica","title":{"rendered":"TERMODIN\u00c2MICA"},"content":{"rendered":"<p>Gilberto Ieno<\/p>\n<p>Luiz Negro<\/p>\n<p>9798587918757<\/p>\n","protected":false},"excerpt":{"rendered":"<p><strong>SINOPSE<\/strong><\/p>\n<p>Mat\u00e9ria que estuda as leis naturais que regem as transforma\u00e7\u00f5es energ\u00e9ticas, a Termodin\u00e2mica vem a cada dia se tornando mais importante. No mundo moderno industrializado, a energia ganha cada vez mais destaque na rotina do homem, uma vez que participa de fen\u00f3menos que v\u00e3o para levar ao ar centenas de toneladas.<\/p>\n<p>Contendo v\u00e1rios exemplos e figuras, este livro apresenta de maneira simples, objectiva e pr\u00e1tica os conceitos necess\u00e1rios\u00a0para o bom entendimento da Termodin\u00e2mica. Al\u00e9m disso, oferece diversos exerc\u00edcios, para que o aluno teste os conhecimentos adquiridos.<\/p>\n<p>&nbsp;<\/p>\n<p>&nbsp;<\/p>\n","protected":false},"featured_media":6252,"template":"","meta":{"_monsterinsights_skip_tracking":false,"_monsterinsights_sitenote_active":false,"_monsterinsights_sitenote_note":"","_monsterinsights_sitenote_category":0},"product_cat":[102],"product_tag":[],"class_list":{"0":"post-6251","1":"product","2":"type-product","3":"status-publish","4":"has-post-thumbnail","6":"product_cat-livros-tecnicos","7":"pa_book-author-gilberto-ieno","8":"pa_book-author-luiz-negro","10":"first","11":"outofstock","12":"shipping-taxable","13":"purchasable","14":"product-type-simple"},"_links":{"self":[{"href":"https:\/\/mabuko.co.mz\/site\/index.php?rest_route=\/wp\/v2\/product\/6251","targetHints":{"allow":["GET"]}}],"collection":[{"href":"https:\/\/mabuko.co.mz\/site\/index.php?rest_route=\/wp\/v2\/product"}],"about":[{"href":"https:\/\/mabuko.co.mz\/site\/index.php?rest_route=\/wp\/v2\/types\/product"}],"wp:featuredmedia":[{"embeddable":true,"href":"https:\/\/mabuko.co.mz\/site\/index.php?rest_route=\/wp\/v2\/media\/6252"}],"wp:attachment":[{"href":"https:\/\/mabuko.co.mz\/site\/index.php?rest_route=%2Fwp%2Fv2%2Fmedia&parent=6251"}],"wp:term":[{"taxonomy":"product_cat","embeddable":true,"href":"https:\/\/mabuko.co.mz\/site\/index.php?rest_route=%2Fwp%2Fv2%2Fproduct_cat&post=6251"},{"taxonomy":"product_tag","embeddable":true,"href":"https:\/\/mabuko.co.mz\/site\/index.php?rest_route=%2Fwp%2Fv2%2Fproduct_tag&post=6251"}],"curies":[{"name":"wp","href":"https:\/\/api.w.org\/{rel}","templated":true}]}}