{"id":6249,"date":"2022-09-14T14:18:08","date_gmt":"2022-09-14T14:18:08","guid":{"rendered":"https:\/\/mabuko.co.mz\/?post_type=product&#038;p=6249"},"modified":"2023-01-09T11:39:16","modified_gmt":"2023-01-09T11:39:16","slug":"visao-e-desporto","status":"publish","type":"product","link":"https:\/\/mabuko.co.mz\/site\/?product=visao-e-desporto","title":{"rendered":"VIS\u00c3O E DESPORTO"},"content":{"rendered":"<p>Jo\u00e3o A.Cap\u00e3o Filipe<\/p>\n<p>9789727572663<\/p>\n","protected":false},"excerpt":{"rendered":"<p><strong>SINOPSE<\/strong><\/p>\n<p>Com este livro, o leitor disp\u00f5e de um importante manual sobre o conhecimento e a preven\u00e7\u00e3o das les\u00f5es oculares. Pode escolher os protectores oculares adequados para praticar o seu desporto preferido ou para usar no seu local de trabalho.<br \/>\n\u201cEm Portugal, a maioria dos atletas com les\u00f5es oculares s\u00e3o jovens que foram atingidos pela bola junto da baliza, enquanto jogavam futebol ao fim-de-semana.<br \/>\nQualquer atleta que sofra um traumatismo ocular deve ser aconselhado a realizar um exame oftalmol\u00f3gico completo.<br \/>\nO protector ocular ASTM F803, com lentes em policarbonato, \u00e9 o indicado para praticar futebol. No squash, deve ser obrigat\u00f3rio o uso de protector ocular por parte de todos os jogadores. No paintball, o protector nunca deve ser retirado na zona de combate\u201d<br \/>\nAs les\u00f5es oculares traum\u00e1ticas podem ser substancialmente reduzidas em todo o mundo se todos os profissionais ligados \u00e0 actividade desportiva aderirem \u00e0s linhas de orienta\u00e7\u00e3o deste livro.<\/p>\n","protected":false},"featured_media":6250,"template":"","meta":{"_monsterinsights_skip_tracking":false,"_monsterinsights_sitenote_active":false,"_monsterinsights_sitenote_note":"","_monsterinsights_sitenote_category":0},"product_cat":[103],"product_tag":[],"class_list":{"0":"post-6249","1":"product","2":"type-product","3":"status-publish","4":"has-post-thumbnail","6":"product_cat-literatura","7":"pa_book-author-joao-a-capao-filipe","9":"first","10":"outofstock","11":"shipping-taxable","12":"purchasable","13":"product-type-simple"},"_links":{"self":[{"href":"https:\/\/mabuko.co.mz\/site\/index.php?rest_route=\/wp\/v2\/product\/6249","targetHints":{"allow":["GET"]}}],"collection":[{"href":"https:\/\/mabuko.co.mz\/site\/index.php?rest_route=\/wp\/v2\/product"}],"about":[{"href":"https:\/\/mabuko.co.mz\/site\/index.php?rest_route=\/wp\/v2\/types\/product"}],"wp:featuredmedia":[{"embeddable":true,"href":"https:\/\/mabuko.co.mz\/site\/index.php?rest_route=\/wp\/v2\/media\/6250"}],"wp:attachment":[{"href":"https:\/\/mabuko.co.mz\/site\/index.php?rest_route=%2Fwp%2Fv2%2Fmedia&parent=6249"}],"wp:term":[{"taxonomy":"product_cat","embeddable":true,"href":"https:\/\/mabuko.co.mz\/site\/index.php?rest_route=%2Fwp%2Fv2%2Fproduct_cat&post=6249"},{"taxonomy":"product_tag","embeddable":true,"href":"https:\/\/mabuko.co.mz\/site\/index.php?rest_route=%2Fwp%2Fv2%2Fproduct_tag&post=6249"}],"curies":[{"name":"wp","href":"https:\/\/api.w.org\/{rel}","templated":true}]}}