{"id":6246,"date":"2022-09-14T14:02:15","date_gmt":"2022-09-14T14:02:15","guid":{"rendered":"https:\/\/mabuko.co.mz\/?post_type=product&#038;p=6246"},"modified":"2023-01-09T11:43:21","modified_gmt":"2023-01-09T11:43:21","slug":"emergencias-obstetricas","status":"publish","type":"product","link":"https:\/\/mabuko.co.mz\/site\/?product=emergencias-obstetricas","title":{"rendered":"EMERG\u00caNCIAS OBST\u00c9TRICAS"},"content":{"rendered":"<p>Diogo Ayres de Campos<\/p>\n<p>Isabel Santos Silva<\/p>\n<p>9789727576807<\/p>\n","protected":false},"excerpt":{"rendered":"<p><strong>SINOPSE<\/strong><\/p>\n<p>&#8220;Emerg\u00eancias obst\u00e9tricas&#8221; s\u00e3o complica\u00e7\u00f5es agudas da gravidez que p\u00f5em em risco a vida da m\u00e3e e\/ou do feto e cuja resolu\u00e7\u00e3o exige uma resposta quase imediata (habitualmente em minutos) por parte da equipa de sa\u00fade, de forma a garantir um desfecho favor\u00e1vel para ambos. Quase todas as emerg\u00eancias obst\u00e9tricas s\u00e3o situa\u00e7\u00f5es raras, o que levanta problemas espec\u00edficos para o ensino e manuten\u00e7\u00e3o da experi\u00eancia dos profissionais de sa\u00fade. A crescente taxa de cesarianas levou a uma redu\u00e7\u00e3o na incid\u00eancia de algumas destas complica\u00e7\u00f5es, mas n\u00e3o as eliminou completamente. Todos estes factores contribu\u00edram para que exista actualmente algum receio em rela\u00e7\u00e3o \u00e0 ocorr\u00eancia destas situa\u00e7\u00f5es, juntamente com uma relativa inexperi\u00eancia na sua resolu\u00e7\u00e3o. Este livro tem como objectivo principal servir de texto de apoio aos cursos nacionais de treino na &#8220;Resolu\u00e7\u00e3o de Emerg\u00eancias Obst\u00e9tricas&#8221;, os quais contam com o patroc\u00ednio cient\u00edfico da Sociedade Portuguesa de Obstetr\u00edcia e Medicina Materno-Fetal, do Col\u00e9gio de Especialidade de Ginecologia e Obstetr\u00edcia da Ordem dos M\u00e9dicos e da Associa\u00e7\u00e3o Portuguesa de Enfermeiros Obstetras. Mas poder\u00e1 tamb\u00e9m ser uma leitura \u00fatil para os profissionais de sa\u00fade que apenas pretendam actualizar os seus conhecimentos nesta \u00e1rea.<\/p>\n","protected":false},"featured_media":6248,"template":"","meta":{"_monsterinsights_skip_tracking":false,"_monsterinsights_sitenote_active":false,"_monsterinsights_sitenote_note":"","_monsterinsights_sitenote_category":0},"product_cat":[102],"product_tag":[],"class_list":{"0":"post-6246","1":"product","2":"type-product","3":"status-publish","4":"has-post-thumbnail","6":"product_cat-livros-tecnicos","7":"pa_book-author-diogo-ayres-de-campos","8":"pa_book-author-isabel-santos-silva","10":"first","11":"outofstock","12":"shipping-taxable","13":"purchasable","14":"product-type-simple"},"_links":{"self":[{"href":"https:\/\/mabuko.co.mz\/site\/index.php?rest_route=\/wp\/v2\/product\/6246","targetHints":{"allow":["GET"]}}],"collection":[{"href":"https:\/\/mabuko.co.mz\/site\/index.php?rest_route=\/wp\/v2\/product"}],"about":[{"href":"https:\/\/mabuko.co.mz\/site\/index.php?rest_route=\/wp\/v2\/types\/product"}],"wp:featuredmedia":[{"embeddable":true,"href":"https:\/\/mabuko.co.mz\/site\/index.php?rest_route=\/wp\/v2\/media\/6248"}],"wp:attachment":[{"href":"https:\/\/mabuko.co.mz\/site\/index.php?rest_route=%2Fwp%2Fv2%2Fmedia&parent=6246"}],"wp:term":[{"taxonomy":"product_cat","embeddable":true,"href":"https:\/\/mabuko.co.mz\/site\/index.php?rest_route=%2Fwp%2Fv2%2Fproduct_cat&post=6246"},{"taxonomy":"product_tag","embeddable":true,"href":"https:\/\/mabuko.co.mz\/site\/index.php?rest_route=%2Fwp%2Fv2%2Fproduct_tag&post=6246"}],"curies":[{"name":"wp","href":"https:\/\/api.w.org\/{rel}","templated":true}]}}