{"id":6242,"date":"2022-09-14T13:43:38","date_gmt":"2022-09-14T13:43:38","guid":{"rendered":"https:\/\/mabuko.co.mz\/?post_type=product&#038;p=6242"},"modified":"2023-01-09T11:44:08","modified_gmt":"2023-01-09T11:44:08","slug":"planejamento-de-midia-teoria-e-experiencia","status":"publish","type":"product","link":"https:\/\/mabuko.co.mz\/site\/?product=planejamento-de-midia-teoria-e-experiencia","title":{"rendered":"PLANEJAMENTO DE M\u00cdDIA : TEORIA E EXPERI\u00caNCIA"},"content":{"rendered":"<p>Paulo Tamanha<\/p>\n<p>9788576050322<\/p>\n","protected":false},"excerpt":{"rendered":"<p><strong>SINOPSE<\/strong><\/p>\n<p>Como determinar publico-alvo os melhores meios de comunica\u00e7\u00e3o ser utilizados em uma campanha publicitaria? Como obter efici\u00eancia em uma veicula\u00e7\u00e3o de campanha com uma verba pequena? Enfim: como ser um bom planeador de m\u00eddia?<\/p>\n","protected":false},"featured_media":6243,"template":"","meta":{"_monsterinsights_skip_tracking":false,"_monsterinsights_sitenote_active":false,"_monsterinsights_sitenote_note":"","_monsterinsights_sitenote_category":0},"product_cat":[102],"product_tag":[],"class_list":{"0":"post-6242","1":"product","2":"type-product","3":"status-publish","4":"has-post-thumbnail","6":"product_cat-livros-tecnicos","7":"pa_book-author-paulo-tamanha","9":"first","10":"outofstock","11":"shipping-taxable","12":"purchasable","13":"product-type-simple"},"_links":{"self":[{"href":"https:\/\/mabuko.co.mz\/site\/index.php?rest_route=\/wp\/v2\/product\/6242","targetHints":{"allow":["GET"]}}],"collection":[{"href":"https:\/\/mabuko.co.mz\/site\/index.php?rest_route=\/wp\/v2\/product"}],"about":[{"href":"https:\/\/mabuko.co.mz\/site\/index.php?rest_route=\/wp\/v2\/types\/product"}],"wp:featuredmedia":[{"embeddable":true,"href":"https:\/\/mabuko.co.mz\/site\/index.php?rest_route=\/wp\/v2\/media\/6243"}],"wp:attachment":[{"href":"https:\/\/mabuko.co.mz\/site\/index.php?rest_route=%2Fwp%2Fv2%2Fmedia&parent=6242"}],"wp:term":[{"taxonomy":"product_cat","embeddable":true,"href":"https:\/\/mabuko.co.mz\/site\/index.php?rest_route=%2Fwp%2Fv2%2Fproduct_cat&post=6242"},{"taxonomy":"product_tag","embeddable":true,"href":"https:\/\/mabuko.co.mz\/site\/index.php?rest_route=%2Fwp%2Fv2%2Fproduct_tag&post=6242"}],"curies":[{"name":"wp","href":"https:\/\/api.w.org\/{rel}","templated":true}]}}