{"id":6236,"date":"2022-09-14T09:27:13","date_gmt":"2022-09-14T09:27:13","guid":{"rendered":"https:\/\/mabuko.co.mz\/?post_type=product&#038;p=6236"},"modified":"2023-01-09T11:50:16","modified_gmt":"2023-01-09T11:50:16","slug":"o-casamento-misterioso-de-mwidja","status":"publish","type":"product","link":"https:\/\/mabuko.co.mz\/site\/?product=o-casamento-misterioso-de-mwidja","title":{"rendered":"O CASAMENTO MISTERIOSO DE MWIDJA"},"content":{"rendered":"<p>Alexandre Dunduro<\/p>\n","protected":false},"excerpt":{"rendered":"<p><strong>SINOPSE<\/strong><\/p>\n<p>Uma rapariga altiva desdenha todos os pretendentes da sua aldeia, mas cai na teia de um forasteiro que a levar\u00e1 para um mundo que ela nem imagina&#8230;<br \/>\nA interven\u00e7\u00e3o do seu pequeno irm\u00e3o ser\u00e1 vital no desfecho desta hist\u00f3ria.<\/p>\n","protected":false},"featured_media":6237,"template":"","meta":{"_monsterinsights_skip_tracking":false,"_monsterinsights_sitenote_active":false,"_monsterinsights_sitenote_note":"","_monsterinsights_sitenote_category":0},"product_cat":[103],"product_tag":[],"class_list":{"0":"post-6236","1":"product","2":"type-product","3":"status-publish","4":"has-post-thumbnail","6":"product_cat-literatura","7":"pa_book-author-alexandre-dunduro","9":"first","10":"outofstock","11":"shipping-taxable","12":"purchasable","13":"product-type-simple"},"_links":{"self":[{"href":"https:\/\/mabuko.co.mz\/site\/index.php?rest_route=\/wp\/v2\/product\/6236","targetHints":{"allow":["GET"]}}],"collection":[{"href":"https:\/\/mabuko.co.mz\/site\/index.php?rest_route=\/wp\/v2\/product"}],"about":[{"href":"https:\/\/mabuko.co.mz\/site\/index.php?rest_route=\/wp\/v2\/types\/product"}],"wp:featuredmedia":[{"embeddable":true,"href":"https:\/\/mabuko.co.mz\/site\/index.php?rest_route=\/wp\/v2\/media\/6237"}],"wp:attachment":[{"href":"https:\/\/mabuko.co.mz\/site\/index.php?rest_route=%2Fwp%2Fv2%2Fmedia&parent=6236"}],"wp:term":[{"taxonomy":"product_cat","embeddable":true,"href":"https:\/\/mabuko.co.mz\/site\/index.php?rest_route=%2Fwp%2Fv2%2Fproduct_cat&post=6236"},{"taxonomy":"product_tag","embeddable":true,"href":"https:\/\/mabuko.co.mz\/site\/index.php?rest_route=%2Fwp%2Fv2%2Fproduct_tag&post=6236"}],"curies":[{"name":"wp","href":"https:\/\/api.w.org\/{rel}","templated":true}]}}