{"id":6234,"date":"2022-09-14T09:13:30","date_gmt":"2022-09-14T09:13:30","guid":{"rendered":"https:\/\/mabuko.co.mz\/?post_type=product&#038;p=6234"},"modified":"2023-01-09T11:54:03","modified_gmt":"2023-01-09T11:54:03","slug":"casa-em-flor","status":"publish","type":"product","link":"https:\/\/mabuko.co.mz\/site\/?product=casa-em-flor","title":{"rendered":"CASA EM FLOR"},"content":{"rendered":"<p>Rog\u00e9rio Manjate<\/p>\n","protected":false},"excerpt":{"rendered":"<p><strong>SINOPSE<\/strong><\/p>\n<p><i>Casa em Flor<\/i>\u00a0\u00e9 um livro com 23 poemas para todas as idades, escritos por Rog\u00e9rio Manjate, mo\u00e7ambicano e ilustrados por Maur\u00edcio Negro, reconhecido ilustrador brasileiro.<\/p>\n","protected":false},"featured_media":6235,"template":"","meta":{"_monsterinsights_skip_tracking":false,"_monsterinsights_sitenote_active":false,"_monsterinsights_sitenote_note":"","_monsterinsights_sitenote_category":0},"product_cat":[170],"product_tag":[],"class_list":{"0":"post-6234","1":"product","2":"type-product","3":"status-publish","4":"has-post-thumbnail","6":"product_cat-poesia","7":"pa_book-author-rogerio-manjate","9":"first","10":"outofstock","11":"shipping-taxable","12":"purchasable","13":"product-type-simple"},"_links":{"self":[{"href":"https:\/\/mabuko.co.mz\/site\/index.php?rest_route=\/wp\/v2\/product\/6234","targetHints":{"allow":["GET"]}}],"collection":[{"href":"https:\/\/mabuko.co.mz\/site\/index.php?rest_route=\/wp\/v2\/product"}],"about":[{"href":"https:\/\/mabuko.co.mz\/site\/index.php?rest_route=\/wp\/v2\/types\/product"}],"wp:featuredmedia":[{"embeddable":true,"href":"https:\/\/mabuko.co.mz\/site\/index.php?rest_route=\/wp\/v2\/media\/6235"}],"wp:attachment":[{"href":"https:\/\/mabuko.co.mz\/site\/index.php?rest_route=%2Fwp%2Fv2%2Fmedia&parent=6234"}],"wp:term":[{"taxonomy":"product_cat","embeddable":true,"href":"https:\/\/mabuko.co.mz\/site\/index.php?rest_route=%2Fwp%2Fv2%2Fproduct_cat&post=6234"},{"taxonomy":"product_tag","embeddable":true,"href":"https:\/\/mabuko.co.mz\/site\/index.php?rest_route=%2Fwp%2Fv2%2Fproduct_tag&post=6234"}],"curies":[{"name":"wp","href":"https:\/\/api.w.org\/{rel}","templated":true}]}}