{"id":6232,"date":"2022-09-14T09:04:55","date_gmt":"2022-09-14T09:04:55","guid":{"rendered":"https:\/\/mabuko.co.mz\/?post_type=product&#038;p=6232"},"modified":"2023-01-09T11:55:41","modified_gmt":"2023-01-09T11:55:41","slug":"mais-rapido-que-a-luz","status":"publish","type":"product","link":"https:\/\/mabuko.co.mz\/site\/?product=mais-rapido-que-a-luz","title":{"rendered":"MAIS R\u00c1PIDO QUE A LUZ"},"content":{"rendered":"<p>Jo\u00e3o Magueijo<\/p>\n<p>9789726629054<\/p>\n","protected":false},"excerpt":{"rendered":"<p><strong>SINOPSE<\/strong><\/p>\n<p>Em f\u00edsica, basta dizer-se a palavra \u00abluz\u00bb para que todos entoem: Nada se move mais depressa do que a luz &#8211; o que \u00e9 de facto verdade. Mas a luz tem outra propriedade espantosa: propaga-se a uma e uma s\u00f3 velocidade, que \u00e9 uma das constantes da natureza. Esta ideia foi consagrada por Einstein na sua teoria da relatividade restrita e \u00e9 um dos pilares da f\u00edsica moderna: todos lhe atribuem o estatuto de verdade religiosa. Mas e se n\u00e3o for correcta?<\/p>\n<p>Em Mais R\u00e1pido Que a Luz, o f\u00edsico te\u00f3rico Jo\u00e3o Magueijo, doutorado pela Universidade de Cambridge, prop\u00f5e uma especula\u00e7\u00e3o extraordin\u00e1ria: que a velocidade da luz tenha sido maior no universo primordial.<\/p>\n<p>Por que \u00e9 que algu\u00e9m com trinta e poucos anos e quase de certeza com uma carreira brilhante \u00e0 sua frente iria arriscar a reputa\u00e7\u00e3o com uma ideia aparentemente t\u00e3o descabida, que p\u00f5e mesmo em causa Albert Einstein? Magueijo mostra neste livro original que a sua teoria da velocidade da luz vari\u00e1vel (VSL) resolve alguns dos problemas mais dif\u00edceis da cosmologia. Embora quase todos aceitem que o cosmos teve origem num big bang, h\u00e1 aspectos do universo ainda por explicar. H\u00e1 d\u00e9cadas que estes paradoxos enlouquecem os cientistas; eis que a VSL d\u00e1 respostas geniais a todos de uma s\u00f3 vez. A teoria pode al\u00e9m disso ter consequ\u00eancias fabulosas quanto a viagens espaciais, buracos negros, dilata\u00e7\u00e3o do tempo e teoria das cordas. Muito ironicamente, talvez a VSL seja a porta para a teoria de grande unifica\u00e7\u00e3o que escapou a Einstein.<\/p>\n<p>De certa forma, n\u00e3o importa se \u00e9 Einstein ou Magueijo quem tem raz\u00e3o: este livro \u00e9 acerca das ideias e do seu lugar no mundo. \u00c9 acerca de como os cientistas trabalham em conjunto e acerca do que os separa. \u00c9 acerca do quanto \u00e9 preciso lutar para que as nossas ideias sejam aceites. No fundo, Mais R\u00e1pido Que a Luz \u00e9 a biografia de uma especula\u00e7\u00e3o cient\u00edfica.<\/p>\n<p>\u00c9 tamb\u00e9m a hist\u00f3ria de uma tentativa \u00fanica de desvendar a natureza do universo. Magueijo encontra inspira\u00e7\u00e3o para a sua busca nos locais mais inesperados: em Goa, ao observar hippies movidos a ecstasy despedirem-se do sol; num pub arruinado de Notting Hill, ao discutir teoria das cordas com um colega; em Cambridge, ao atravessar os campos de jogos num dia cinzento&#8230;<\/p>\n<p>Como Richard Feynman e outros antes dele, Jo\u00e3o Magueijo teve a temeridade de afrontar ideias aceites. Mais R\u00e1pido Que a Luz \u00e9 a fant\u00e1stica hist\u00f3ria dessa viagem, que ainda n\u00e3o chegou ao fim.<\/p>\n","protected":false},"featured_media":6233,"template":"","meta":{"_monsterinsights_skip_tracking":false,"_monsterinsights_sitenote_active":false,"_monsterinsights_sitenote_note":"","_monsterinsights_sitenote_category":0},"product_cat":[102],"product_tag":[],"class_list":{"0":"post-6232","1":"product","2":"type-product","3":"status-publish","4":"has-post-thumbnail","6":"product_cat-livros-tecnicos","7":"pa_book-author-joao-magueijo","9":"first","10":"outofstock","11":"shipping-taxable","12":"purchasable","13":"product-type-simple"},"_links":{"self":[{"href":"https:\/\/mabuko.co.mz\/site\/index.php?rest_route=\/wp\/v2\/product\/6232","targetHints":{"allow":["GET"]}}],"collection":[{"href":"https:\/\/mabuko.co.mz\/site\/index.php?rest_route=\/wp\/v2\/product"}],"about":[{"href":"https:\/\/mabuko.co.mz\/site\/index.php?rest_route=\/wp\/v2\/types\/product"}],"wp:featuredmedia":[{"embeddable":true,"href":"https:\/\/mabuko.co.mz\/site\/index.php?rest_route=\/wp\/v2\/media\/6233"}],"wp:attachment":[{"href":"https:\/\/mabuko.co.mz\/site\/index.php?rest_route=%2Fwp%2Fv2%2Fmedia&parent=6232"}],"wp:term":[{"taxonomy":"product_cat","embeddable":true,"href":"https:\/\/mabuko.co.mz\/site\/index.php?rest_route=%2Fwp%2Fv2%2Fproduct_cat&post=6232"},{"taxonomy":"product_tag","embeddable":true,"href":"https:\/\/mabuko.co.mz\/site\/index.php?rest_route=%2Fwp%2Fv2%2Fproduct_tag&post=6232"}],"curies":[{"name":"wp","href":"https:\/\/api.w.org\/{rel}","templated":true}]}}