{"id":6231,"date":"2022-09-14T08:48:34","date_gmt":"2022-09-14T08:48:34","guid":{"rendered":"https:\/\/mabuko.co.mz\/?post_type=product&#038;p=6231"},"modified":"2023-01-09T11:57:56","modified_gmt":"2023-01-09T11:57:56","slug":"manual-operacional-de-direccao-e-gestao-hoteleira","status":"publish","type":"product","link":"https:\/\/mabuko.co.mz\/site\/?product=manual-operacional-de-direccao-e-gestao-hoteleira","title":{"rendered":"MANUAL OPERACIONAL DE DIREC\u00c7\u00c3O E GEST\u00c3O HOTELEIRA"},"content":{"rendered":"","protected":false},"excerpt":{"rendered":"","protected":false},"featured_media":0,"template":"","meta":{"_monsterinsights_skip_tracking":false,"_monsterinsights_sitenote_active":false,"_monsterinsights_sitenote_note":"","_monsterinsights_sitenote_category":0},"product_cat":[102],"product_tag":[],"class_list":{"0":"post-6231","1":"product","2":"type-product","3":"status-publish","5":"product_cat-livros-tecnicos","6":"pa_book-author-aurelio-mausse","8":"first","9":"outofstock","10":"shipping-taxable","11":"purchasable","12":"product-type-simple"},"_links":{"self":[{"href":"https:\/\/mabuko.co.mz\/site\/index.php?rest_route=\/wp\/v2\/product\/6231","targetHints":{"allow":["GET"]}}],"collection":[{"href":"https:\/\/mabuko.co.mz\/site\/index.php?rest_route=\/wp\/v2\/product"}],"about":[{"href":"https:\/\/mabuko.co.mz\/site\/index.php?rest_route=\/wp\/v2\/types\/product"}],"wp:attachment":[{"href":"https:\/\/mabuko.co.mz\/site\/index.php?rest_route=%2Fwp%2Fv2%2Fmedia&parent=6231"}],"wp:term":[{"taxonomy":"product_cat","embeddable":true,"href":"https:\/\/mabuko.co.mz\/site\/index.php?rest_route=%2Fwp%2Fv2%2Fproduct_cat&post=6231"},{"taxonomy":"product_tag","embeddable":true,"href":"https:\/\/mabuko.co.mz\/site\/index.php?rest_route=%2Fwp%2Fv2%2Fproduct_tag&post=6231"}],"curies":[{"name":"wp","href":"https:\/\/api.w.org\/{rel}","templated":true}]}}