{"id":6228,"date":"2022-09-14T08:23:50","date_gmt":"2022-09-14T08:23:50","guid":{"rendered":"https:\/\/mabuko.co.mz\/?post_type=product&#038;p=6228"},"modified":"2023-01-09T11:59:52","modified_gmt":"2023-01-09T11:59:52","slug":"cidadania-no-pensamento-politico-contemporaneo","status":"publish","type":"product","link":"https:\/\/mabuko.co.mz\/site\/?product=cidadania-no-pensamento-politico-contemporaneo","title":{"rendered":"CIDADANIA NO PENSAMENTO POL\u00cdTICO CONTEMPOR\u00c2NEO"},"content":{"rendered":"<p>Isabel Estrada Carvalhais<\/p>\n<p>9789898131034<\/p>\n","protected":false},"excerpt":{"rendered":"<p><strong>SINOPSE<\/strong><\/p>\n<p>Esta obra colectiva, que no seu conjunto se prop\u00f5e reflectir sobre v\u00e1rios temas que tocam de perto o universo da cidadania enquanto conceito central da moderna teoria democr\u00e1tica, tem na sua base as comunica\u00e7\u00f5es apresentadas durante o primeiro ciclo de confer\u00eancias \u00abCidadania no Pensamento Politico Contempor\u00e2neo\u00bb, realizado na Universidade do Minho.<\/p>\n<p>O livro assenta numa estrutura composta por quatro partes profundamente interligadas. Na primeira, o leitor \u00e9 convidado a pensar a cidadania numa \u00e9poca por alguns apelidada de p\u00f3s-moderna. A segunda parte da obra prossegue com uma articula\u00e7\u00e3o entre cidadania e direitos do homem, reflectindo sobre diversas quest\u00f5es de grande actualidade. A terceira parte do livro debru\u00e7a-se\u00a0 particularmente sobre o tema da cidadania social, hoje alvo de ataques que amea\u00e7am a sua integridade. Por fim, a quarta parte faz uma reflex\u00e3o sobre a cidadania europeia, interrogando-se sobre se o seu modelo ser\u00e1 verdadeiramente p\u00f3s-nacional (<em>i.e.<\/em> de inclus\u00e3o para al\u00e9m da nacionalidade) ou antes revelador da repeti\u00e7\u00e3o da l\u00f3gica de gest\u00e3o nacional.<\/p>\n","protected":false},"featured_media":6229,"template":"","meta":{"_monsterinsights_skip_tracking":false,"_monsterinsights_sitenote_active":false,"_monsterinsights_sitenote_note":"","_monsterinsights_sitenote_category":0},"product_cat":[103],"product_tag":[],"class_list":{"0":"post-6228","1":"product","2":"type-product","3":"status-publish","4":"has-post-thumbnail","6":"product_cat-literatura","7":"pa_book-author-isabel-estrada-carvalhais","9":"first","10":"outofstock","11":"shipping-taxable","12":"purchasable","13":"product-type-simple"},"_links":{"self":[{"href":"https:\/\/mabuko.co.mz\/site\/index.php?rest_route=\/wp\/v2\/product\/6228","targetHints":{"allow":["GET"]}}],"collection":[{"href":"https:\/\/mabuko.co.mz\/site\/index.php?rest_route=\/wp\/v2\/product"}],"about":[{"href":"https:\/\/mabuko.co.mz\/site\/index.php?rest_route=\/wp\/v2\/types\/product"}],"wp:featuredmedia":[{"embeddable":true,"href":"https:\/\/mabuko.co.mz\/site\/index.php?rest_route=\/wp\/v2\/media\/6229"}],"wp:attachment":[{"href":"https:\/\/mabuko.co.mz\/site\/index.php?rest_route=%2Fwp%2Fv2%2Fmedia&parent=6228"}],"wp:term":[{"taxonomy":"product_cat","embeddable":true,"href":"https:\/\/mabuko.co.mz\/site\/index.php?rest_route=%2Fwp%2Fv2%2Fproduct_cat&post=6228"},{"taxonomy":"product_tag","embeddable":true,"href":"https:\/\/mabuko.co.mz\/site\/index.php?rest_route=%2Fwp%2Fv2%2Fproduct_tag&post=6228"}],"curies":[{"name":"wp","href":"https:\/\/api.w.org\/{rel}","templated":true}]}}