{"id":6221,"date":"2022-09-13T14:39:07","date_gmt":"2022-09-13T14:39:07","guid":{"rendered":"https:\/\/mabuko.co.mz\/?post_type=product&#038;p=6221"},"modified":"2023-01-09T12:12:30","modified_gmt":"2023-01-09T12:12:30","slug":"platao","status":"publish","type":"product","link":"https:\/\/mabuko.co.mz\/site\/?product=platao","title":{"rendered":"PLAT\u00c3O"},"content":{"rendered":"<p>Gaston Maire<\/p>\n<p>9789724411583<\/p>\n","protected":false},"excerpt":{"rendered":"<p><strong>SINOPSE<\/strong><\/p>\n<p>Disc\u00edpulo de S\u00f3crates e herdeiro do pensamento pr\u00e9-socr\u00e1tico, deixou uma obra de envergadura tal que C\u00edcero o designou como \u00abo maior autor grego, aquele que ningu\u00e9m supera\u00bb. Plat\u00e3o foi o autor da primeira grande elabora\u00e7\u00e3o filos\u00f3fica, que abrange quest\u00f5es fundamentais situadas, ainda hoje, no cerne da filosofia ocidental. Toda a problem\u00e1tica plat\u00f3nica: do problema hist\u00f3rico \u00e0s quest\u00f5es de teoria, com extractos significativos dos textos.<\/p>\n","protected":false},"featured_media":6223,"template":"","meta":{"_monsterinsights_skip_tracking":false,"_monsterinsights_sitenote_active":false,"_monsterinsights_sitenote_note":"","_monsterinsights_sitenote_category":0},"product_cat":[102],"product_tag":[],"class_list":{"0":"post-6221","1":"product","2":"type-product","3":"status-publish","4":"has-post-thumbnail","6":"product_cat-livros-tecnicos","7":"pa_book-author-gaston-maire","9":"first","10":"outofstock","11":"shipping-taxable","12":"purchasable","13":"product-type-simple"},"_links":{"self":[{"href":"https:\/\/mabuko.co.mz\/site\/index.php?rest_route=\/wp\/v2\/product\/6221","targetHints":{"allow":["GET"]}}],"collection":[{"href":"https:\/\/mabuko.co.mz\/site\/index.php?rest_route=\/wp\/v2\/product"}],"about":[{"href":"https:\/\/mabuko.co.mz\/site\/index.php?rest_route=\/wp\/v2\/types\/product"}],"wp:featuredmedia":[{"embeddable":true,"href":"https:\/\/mabuko.co.mz\/site\/index.php?rest_route=\/wp\/v2\/media\/6223"}],"wp:attachment":[{"href":"https:\/\/mabuko.co.mz\/site\/index.php?rest_route=%2Fwp%2Fv2%2Fmedia&parent=6221"}],"wp:term":[{"taxonomy":"product_cat","embeddable":true,"href":"https:\/\/mabuko.co.mz\/site\/index.php?rest_route=%2Fwp%2Fv2%2Fproduct_cat&post=6221"},{"taxonomy":"product_tag","embeddable":true,"href":"https:\/\/mabuko.co.mz\/site\/index.php?rest_route=%2Fwp%2Fv2%2Fproduct_tag&post=6221"}],"curies":[{"name":"wp","href":"https:\/\/api.w.org\/{rel}","templated":true}]}}