{"id":6212,"date":"2022-09-13T14:04:39","date_gmt":"2022-09-13T14:04:39","guid":{"rendered":"https:\/\/mabuko.co.mz\/?post_type=product&#038;p=6212"},"modified":"2023-01-09T10:16:30","modified_gmt":"2023-01-09T10:16:30","slug":"nero-o-homem-por-detras-do-mito","status":"publish","type":"product","link":"https:\/\/mabuko.co.mz\/site\/?product=nero-o-homem-por-detras-do-mito","title":{"rendered":"NERO- O HOMEM POR DETR\u00c1S DO MITO"},"content":{"rendered":"<p>Richard Holland<\/p>\n<p>9789728461805<\/p>\n<p>5603966115020<\/p>\n","protected":false},"excerpt":{"rendered":"<p><strong>SINOPSE<\/strong><b><\/b><\/p>\n<p>As hist\u00f3rias a respeito do tir\u00e2nico reinado de Nero come\u00e7aram mesmo antes do seu corpo ter arrefecido- o desapiedado tirano que tocava lira enquanto Roma ardia; o s\u00e1dico diab\u00f3lico que matou a mulher e a m\u00e3e e que atirou os crist\u00e3os aos le\u00f5es- e foram perpetuados no s\u00e9culo XX por hollywood e por autores de romances hist\u00f3ricos. No entanto, tal como est\u00e1 nova biografia revela, o homem por detr\u00e1s do mito \u00e9 uma figura mais complexa, infinitamente mais interessante. Este livro n\u00e3o desculpabiliza Nero, mas pretende revelar que ele foi mais um libertador que um opressor, que planeou governar em paz, contrariando o governo militarista dos seus antecessores, e que era esclarecido e civilizado, um homem que gostava de poesia, m\u00fasica, filosofia e teatro, bem como dos prazeres er\u00f3ticos. Aplaudido pelo seu desempenho com a lira por milhares de s\u00fabditos, a sua protec\u00e7\u00e3o \u00e0s artes tamb\u00e9m deixou como legado a Casa Dourada, com a sua rica decora\u00e7\u00e3o a ouro e os seus murais, mais tarde copiados no Vaticano por Rafael e por outros artistas do Renascimento. Atrav\u00e9s de testemunhos sociais, culturais arqueol\u00f3gicos, encontramos aqui um Nero descrito como homem e n\u00e3o como monstro.<\/p>\n<p>Esta soberba biografia de um imperador, cuja m\u00edtica reputa\u00e7\u00e3o se estende por quase dois mil\u00e9nios, permite-nos ver, pela primeira vez, para al\u00e9m dos relatos com motiva\u00e7\u00f5es politicas dos seus anteriores bi\u00f3grafos, o homem paradoxal que foi o verdadeiro Nero. Esta obra prender\u00e1 a aten\u00e7\u00e3o de todos os que se interessam pela din\u00e2mica hist\u00f3ria do Imp\u00e9rio Romano, focando o mais poderoso, o mais incompreendido e enigm\u00e1tico dos seus imperadores.<\/p>\n","protected":false},"featured_media":6213,"template":"","meta":{"_monsterinsights_skip_tracking":false,"_monsterinsights_sitenote_active":false,"_monsterinsights_sitenote_note":"","_monsterinsights_sitenote_category":0},"product_cat":[173],"product_tag":[],"class_list":{"0":"post-6212","1":"product","2":"type-product","3":"status-publish","4":"has-post-thumbnail","6":"product_cat-biografias","7":"pa_book-author-richard-holland","9":"first","10":"outofstock","11":"shipping-taxable","12":"purchasable","13":"product-type-simple"},"_links":{"self":[{"href":"https:\/\/mabuko.co.mz\/site\/index.php?rest_route=\/wp\/v2\/product\/6212","targetHints":{"allow":["GET"]}}],"collection":[{"href":"https:\/\/mabuko.co.mz\/site\/index.php?rest_route=\/wp\/v2\/product"}],"about":[{"href":"https:\/\/mabuko.co.mz\/site\/index.php?rest_route=\/wp\/v2\/types\/product"}],"wp:featuredmedia":[{"embeddable":true,"href":"https:\/\/mabuko.co.mz\/site\/index.php?rest_route=\/wp\/v2\/media\/6213"}],"wp:attachment":[{"href":"https:\/\/mabuko.co.mz\/site\/index.php?rest_route=%2Fwp%2Fv2%2Fmedia&parent=6212"}],"wp:term":[{"taxonomy":"product_cat","embeddable":true,"href":"https:\/\/mabuko.co.mz\/site\/index.php?rest_route=%2Fwp%2Fv2%2Fproduct_cat&post=6212"},{"taxonomy":"product_tag","embeddable":true,"href":"https:\/\/mabuko.co.mz\/site\/index.php?rest_route=%2Fwp%2Fv2%2Fproduct_tag&post=6212"}],"curies":[{"name":"wp","href":"https:\/\/api.w.org\/{rel}","templated":true}]}}