{"id":6129,"date":"2022-09-12T14:43:24","date_gmt":"2022-09-12T14:43:24","guid":{"rendered":"https:\/\/mabuko.co.mz\/?post_type=product&#038;p=6129"},"modified":"2023-01-13T10:07:30","modified_gmt":"2023-01-13T10:07:30","slug":"praticas-de-analise-matematica-volume-i","status":"publish","type":"product","link":"https:\/\/mabuko.co.mz\/site\/?product=praticas-de-analise-matematica-volume-i","title":{"rendered":"PR\u00c1TICAS DE AN\u00c1LISE MATEM\u00c1TICA Volume I"},"content":{"rendered":"<p>Sudica Semedo<\/p>\n<p>9789892084213<\/p>\n","protected":false},"excerpt":{"rendered":"<p>Sudica Semedo 9789892084213<\/p>\n","protected":false},"featured_media":6151,"template":"","meta":{"_monsterinsights_skip_tracking":false,"_monsterinsights_sitenote_active":false,"_monsterinsights_sitenote_note":"","_monsterinsights_sitenote_category":0},"product_cat":[102],"product_tag":[],"class_list":{"0":"post-6129","1":"product","2":"type-product","3":"status-publish","4":"has-post-thumbnail","6":"product_cat-livros-tecnicos","7":"pa_book-author-sudica-semedo","9":"first","10":"outofstock","11":"shipping-taxable","12":"purchasable","13":"product-type-simple"},"_links":{"self":[{"href":"https:\/\/mabuko.co.mz\/site\/index.php?rest_route=\/wp\/v2\/product\/6129","targetHints":{"allow":["GET"]}}],"collection":[{"href":"https:\/\/mabuko.co.mz\/site\/index.php?rest_route=\/wp\/v2\/product"}],"about":[{"href":"https:\/\/mabuko.co.mz\/site\/index.php?rest_route=\/wp\/v2\/types\/product"}],"wp:featuredmedia":[{"embeddable":true,"href":"https:\/\/mabuko.co.mz\/site\/index.php?rest_route=\/wp\/v2\/media\/6151"}],"wp:attachment":[{"href":"https:\/\/mabuko.co.mz\/site\/index.php?rest_route=%2Fwp%2Fv2%2Fmedia&parent=6129"}],"wp:term":[{"taxonomy":"product_cat","embeddable":true,"href":"https:\/\/mabuko.co.mz\/site\/index.php?rest_route=%2Fwp%2Fv2%2Fproduct_cat&post=6129"},{"taxonomy":"product_tag","embeddable":true,"href":"https:\/\/mabuko.co.mz\/site\/index.php?rest_route=%2Fwp%2Fv2%2Fproduct_tag&post=6129"}],"curies":[{"name":"wp","href":"https:\/\/api.w.org\/{rel}","templated":true}]}}