{"id":6120,"date":"2022-09-12T10:26:33","date_gmt":"2022-09-12T10:26:33","guid":{"rendered":"https:\/\/mabuko.co.mz\/?post_type=product&#038;p=6120"},"modified":"2023-01-09T11:21:51","modified_gmt":"2023-01-09T11:21:51","slug":"um-estudo-em-vermelho","status":"publish","type":"product","link":"https:\/\/mabuko.co.mz\/site\/?product=um-estudo-em-vermelho","title":{"rendered":"UM ESTUDO EM VERMELHO"},"content":{"rendered":"<p>Arthur Conan Doyle<\/p>\n<p>9789896605759<\/p>\n","protected":false},"excerpt":{"rendered":"<p><strong>SINOPSE<\/strong><\/p>\n<p>A edi\u00e7\u00e3o deste livro n\u00e3o tem as p\u00e1ginas cortadas. Recomendamos que veja o v\u00eddeo, nos recursos junto da capa do livro, antes de efectuar a compra.\u00a0A pol\u00edcia depara-se com um enigma terr\u00edvel e pede aux\u00edlio a Sherlock Holmes: o cad\u00e1ver de um homem foi encontrado numa casa desabitada, mas n\u00e3o h\u00e1 qualquer ind\u00edcio de roubo ou da natureza da morte. Quando recebe uma carta a pedir a sua ajuda, Holmes n\u00e3o resiste ao apelo, mas sabe que o m\u00e9rito ir\u00e1 sempre para a pol\u00edcia.<\/p>\n<p><i>Um Estudo em Vermelho<\/i>, de Arthur Conan Doyle (1859-1930), um romance policial que reflecte a genialidade do autor e a import\u00e2ncia que as personagens do livro vieram a ter posteriormente, \u00e9 a estreia de Holmes como detective e do seu amigo, o Doutor John Watson, como narrador das dedu\u00e7\u00f5es do investigador.<\/p>\n<p>A hist\u00f3ria foi editada pela primeira vez na revista\u00a0<i>Beeton\u2019s Christmas Annual<\/i>, em Novembro de 1887, e logo fascinou in\u00fameros leitores, para quem o endere\u00e7o do detective &#8211; 221B Baker Street, Londres &#8211; se tornou uma das ruas mais famosas da literatura.<\/p>\n<p>O formato deste livro tamb\u00e9m surpreender\u00e1 os leitores com lombada cosida \u00e0 m\u00e3o e sem corte a guilhotina, conferindo um aspecto de manuscrito, tal como ter\u00e1 sido entregue \u00e0 editora nos prim\u00f3rdios da carreira deste mestre do crime que ainda hoje \u00e9 lido por milh\u00f5es de leitores em todo o mundo.<\/p>\n","protected":false},"featured_media":6122,"template":"","meta":{"_monsterinsights_skip_tracking":false,"_monsterinsights_sitenote_active":false,"_monsterinsights_sitenote_note":"","_monsterinsights_sitenote_category":0},"product_cat":[103],"product_tag":[],"class_list":{"0":"post-6120","1":"product","2":"type-product","3":"status-publish","4":"has-post-thumbnail","6":"product_cat-literatura","7":"pa_book-author-arthur-conan-doyle","9":"first","10":"outofstock","11":"shipping-taxable","12":"purchasable","13":"product-type-simple"},"_links":{"self":[{"href":"https:\/\/mabuko.co.mz\/site\/index.php?rest_route=\/wp\/v2\/product\/6120","targetHints":{"allow":["GET"]}}],"collection":[{"href":"https:\/\/mabuko.co.mz\/site\/index.php?rest_route=\/wp\/v2\/product"}],"about":[{"href":"https:\/\/mabuko.co.mz\/site\/index.php?rest_route=\/wp\/v2\/types\/product"}],"wp:featuredmedia":[{"embeddable":true,"href":"https:\/\/mabuko.co.mz\/site\/index.php?rest_route=\/wp\/v2\/media\/6122"}],"wp:attachment":[{"href":"https:\/\/mabuko.co.mz\/site\/index.php?rest_route=%2Fwp%2Fv2%2Fmedia&parent=6120"}],"wp:term":[{"taxonomy":"product_cat","embeddable":true,"href":"https:\/\/mabuko.co.mz\/site\/index.php?rest_route=%2Fwp%2Fv2%2Fproduct_cat&post=6120"},{"taxonomy":"product_tag","embeddable":true,"href":"https:\/\/mabuko.co.mz\/site\/index.php?rest_route=%2Fwp%2Fv2%2Fproduct_tag&post=6120"}],"curies":[{"name":"wp","href":"https:\/\/api.w.org\/{rel}","templated":true}]}}