{"id":6115,"date":"2022-09-12T09:15:20","date_gmt":"2022-09-12T09:15:20","guid":{"rendered":"https:\/\/mabuko.co.mz\/?post_type=product&#038;p=6115"},"modified":"2023-01-09T11:23:49","modified_gmt":"2023-01-09T11:23:49","slug":"cemiterio-dos-passaros","status":"publish","type":"product","link":"https:\/\/mabuko.co.mz\/site\/?product=cemiterio-dos-passaros","title":{"rendered":"CEMIT\u00c9RIO DOS P\u00c1SSAROS"},"content":{"rendered":"<p>Adelino Tim\u00f3teo<\/p>\n<p>9788568846506<\/p>\n","protected":false},"excerpt":{"rendered":"<p><strong>SINOPSE<\/strong><\/p>\n<p>Cemit\u00e9rio dos p\u00e1ssaros \u00e9 um romance in\u00e9dito do mo\u00e7ambicano Adelino Tim\u00f3teo \u00c9 a hist\u00f3ria de Dazanana de Ara\u00fajo Simpl\u00edssimo, um homem rico com ideias exc\u00eantricas, entre as quais a cren\u00e7a de que cada homem \u00e9, na verdade, um p\u00e1ssaro, e tomaria essa forma ap\u00f3s a morte. Seguindo essa convic\u00e7\u00e3o, Dazanana constr\u00f3i um cemit\u00e9rio para seus familiares, no qual cada um \u00e9 nomeado como um p\u00e1ssaro. A partir disso, a hist\u00f3ria se desenrola com tons de literatura fant\u00e1stica. O romance faz parte da s\u00e9rie \u201cVozes da \u00c1frica\u201d.<\/p>\n","protected":false},"featured_media":6118,"template":"","meta":{"_monsterinsights_skip_tracking":false,"_monsterinsights_sitenote_active":false,"_monsterinsights_sitenote_note":"","_monsterinsights_sitenote_category":0},"product_cat":[319],"product_tag":[],"class_list":{"0":"post-6115","1":"product","2":"type-product","3":"status-publish","4":"has-post-thumbnail","6":"product_cat-literatura-mocambicana","7":"pa_book-author-adelino-timoteo","9":"first","10":"outofstock","11":"shipping-taxable","12":"purchasable","13":"product-type-simple"},"_links":{"self":[{"href":"https:\/\/mabuko.co.mz\/site\/index.php?rest_route=\/wp\/v2\/product\/6115","targetHints":{"allow":["GET"]}}],"collection":[{"href":"https:\/\/mabuko.co.mz\/site\/index.php?rest_route=\/wp\/v2\/product"}],"about":[{"href":"https:\/\/mabuko.co.mz\/site\/index.php?rest_route=\/wp\/v2\/types\/product"}],"wp:featuredmedia":[{"embeddable":true,"href":"https:\/\/mabuko.co.mz\/site\/index.php?rest_route=\/wp\/v2\/media\/6118"}],"wp:attachment":[{"href":"https:\/\/mabuko.co.mz\/site\/index.php?rest_route=%2Fwp%2Fv2%2Fmedia&parent=6115"}],"wp:term":[{"taxonomy":"product_cat","embeddable":true,"href":"https:\/\/mabuko.co.mz\/site\/index.php?rest_route=%2Fwp%2Fv2%2Fproduct_cat&post=6115"},{"taxonomy":"product_tag","embeddable":true,"href":"https:\/\/mabuko.co.mz\/site\/index.php?rest_route=%2Fwp%2Fv2%2Fproduct_tag&post=6115"}],"curies":[{"name":"wp","href":"https:\/\/api.w.org\/{rel}","templated":true}]}}