{"id":6112,"date":"2022-09-12T08:55:30","date_gmt":"2022-09-12T08:55:30","guid":{"rendered":"https:\/\/mabuko.co.mz\/?post_type=product&#038;p=6112"},"modified":"2023-01-09T11:24:42","modified_gmt":"2023-01-09T11:24:42","slug":"a-metamorfose","status":"publish","type":"product","link":"https:\/\/mabuko.co.mz\/site\/?product=a-metamorfose","title":{"rendered":"A METAMORFOSE"},"content":{"rendered":"<p>Tradu\u00e7\u00e3o : Helena Tropa<\/p>\n","protected":false},"excerpt":{"rendered":"<p><strong>SINOPSE<\/strong><\/p>\n<p>Pref\u00e1cio de Gon\u00e7alo Vilas-Boas<\/p>\n<p>A hist\u00f3ria absurda e desconcertante de um homem banal que acorda um dia metamorfoseado num animal grotesco e que tenta, como pode, adaptar-se \u00e0 sua nova realidade, \u00e9 um texto transformador para quem o l\u00ea. A magistral sobriedade e precis\u00e3o das palavras de Franz Kafka abrem as portas a uma multiplicidade de leituras, da pol\u00edtica \u00e0 psicanal\u00edtica, e provocam no leitor uma inigual\u00e1vel, quase violenta, sensa\u00e7\u00e3o de desespero.<\/p>\n<p>Trazendo o pesadelo para a vig\u00edlia, o humor para a trag\u00e9dia, a raz\u00e3o para o absurdo, Kafka exp\u00f5e, atrav\u00e9s de uma obra metaf\u00f3rica, um complexo sistema opressivo de aliena\u00e7\u00e3o e desilus\u00e3o perante o futuro incerto. Nesse processo, coloca o ser humano em confronto com o que de mais visceral existe dentro de si.<\/p>\n<p><i>A Metamorfose<\/i>\u00a0permanece, desde o ano da sua publica\u00e7\u00e3o, em 1915, um dos livros mais enigm\u00e1ticos da hist\u00f3ria da literatura, e, por isso mesmo, um dos mais lidos, estudados e discutidos de sempre.<\/p>\n","protected":false},"featured_media":6114,"template":"","meta":{"_monsterinsights_skip_tracking":false,"_monsterinsights_sitenote_active":false,"_monsterinsights_sitenote_note":"","_monsterinsights_sitenote_category":0},"product_cat":[103],"product_tag":[],"class_list":{"0":"post-6112","1":"product","2":"type-product","3":"status-publish","4":"has-post-thumbnail","6":"product_cat-literatura","7":"pa_book-author-franz-kafka","9":"first","10":"outofstock","11":"shipping-taxable","12":"purchasable","13":"product-type-simple"},"_links":{"self":[{"href":"https:\/\/mabuko.co.mz\/site\/index.php?rest_route=\/wp\/v2\/product\/6112","targetHints":{"allow":["GET"]}}],"collection":[{"href":"https:\/\/mabuko.co.mz\/site\/index.php?rest_route=\/wp\/v2\/product"}],"about":[{"href":"https:\/\/mabuko.co.mz\/site\/index.php?rest_route=\/wp\/v2\/types\/product"}],"wp:featuredmedia":[{"embeddable":true,"href":"https:\/\/mabuko.co.mz\/site\/index.php?rest_route=\/wp\/v2\/media\/6114"}],"wp:attachment":[{"href":"https:\/\/mabuko.co.mz\/site\/index.php?rest_route=%2Fwp%2Fv2%2Fmedia&parent=6112"}],"wp:term":[{"taxonomy":"product_cat","embeddable":true,"href":"https:\/\/mabuko.co.mz\/site\/index.php?rest_route=%2Fwp%2Fv2%2Fproduct_cat&post=6112"},{"taxonomy":"product_tag","embeddable":true,"href":"https:\/\/mabuko.co.mz\/site\/index.php?rest_route=%2Fwp%2Fv2%2Fproduct_tag&post=6112"}],"curies":[{"name":"wp","href":"https:\/\/api.w.org\/{rel}","templated":true}]}}