{"id":6109,"date":"2022-09-12T08:30:26","date_gmt":"2022-09-12T08:30:26","guid":{"rendered":"https:\/\/mabuko.co.mz\/?post_type=product&#038;p=6109"},"modified":"2023-01-09T11:32:41","modified_gmt":"2023-01-09T11:32:41","slug":"o-plebiscito","status":"publish","type":"product","link":"https:\/\/mabuko.co.mz\/site\/?product=o-plebiscito","title":{"rendered":"O PLEBISCITO"},"content":{"rendered":"<p>Jos\u00e9 Craveirinha<\/p>\n<p>9789928788016<\/p>\n","protected":false},"excerpt":{"rendered":"<p><strong>SINOPSE<\/strong><\/p>\n<p>O plebiscito \u00e9 uma obra p\u00f3stuma de Jos\u00e9 Craveirinha. Ao longo dos quase centena e meia de poemas, craveirinha, o poeta dos vatic\u00ednios infal\u00edveis e tamb\u00e9m o vate da rebeldia, faz um percurso l\u00edrico com poemas que nos trazem de novo a sua verve cr\u00edtica, mordaz, rebelde e insubmissa, mas igualmente nos mostra o poeta nacionalista, o defensor da cultura mo\u00e7ambicana multi\u00e9tnica e multirracial.<\/p>\n<p>Intransigente para com todos os nepotistas, burocratas, bajuladores, hip\u00f3critas e traidores, os poemas acabam por constituir uma obra \u00e9tnica, um pouco em contra-ponto \u00a0\u00e0 inicial obra \u00e9pica criada no per\u00edodo colonial e que tem em Xigubo e Karingana wa karingana o testemunho l\u00edrico dessa epicidade.<\/p>\n<p>No fundo Jos\u00e9 craveirinha quer fazer um plescito sobre atitudes e leis que contrariam a revolu\u00e7\u00e3o e a necess\u00e1ria \u00e9tica humana e socio-pol\u00edtica como foi, por exemplo, o caso da contestada lei das chicotadas e a pena de morte.<\/p>\n<p>Terminando com um poema sobre a paz, o poeta Jos\u00e9 craveirinha quer no fundo e em verdade um plebiscito para uma sociedade mais \u00e9tica e plena de paz<\/p>\n","protected":false},"featured_media":6158,"template":"","meta":{"_monsterinsights_skip_tracking":false,"_monsterinsights_sitenote_active":false,"_monsterinsights_sitenote_note":"","_monsterinsights_sitenote_category":0},"product_cat":[319],"product_tag":[],"class_list":{"0":"post-6109","1":"product","2":"type-product","3":"status-publish","4":"has-post-thumbnail","6":"product_cat-literatura-mocambicana","7":"pa_book-author-jose-craveirinha","9":"first","10":"outofstock","11":"shipping-taxable","12":"purchasable","13":"product-type-simple"},"_links":{"self":[{"href":"https:\/\/mabuko.co.mz\/site\/index.php?rest_route=\/wp\/v2\/product\/6109","targetHints":{"allow":["GET"]}}],"collection":[{"href":"https:\/\/mabuko.co.mz\/site\/index.php?rest_route=\/wp\/v2\/product"}],"about":[{"href":"https:\/\/mabuko.co.mz\/site\/index.php?rest_route=\/wp\/v2\/types\/product"}],"wp:featuredmedia":[{"embeddable":true,"href":"https:\/\/mabuko.co.mz\/site\/index.php?rest_route=\/wp\/v2\/media\/6158"}],"wp:attachment":[{"href":"https:\/\/mabuko.co.mz\/site\/index.php?rest_route=%2Fwp%2Fv2%2Fmedia&parent=6109"}],"wp:term":[{"taxonomy":"product_cat","embeddable":true,"href":"https:\/\/mabuko.co.mz\/site\/index.php?rest_route=%2Fwp%2Fv2%2Fproduct_cat&post=6109"},{"taxonomy":"product_tag","embeddable":true,"href":"https:\/\/mabuko.co.mz\/site\/index.php?rest_route=%2Fwp%2Fv2%2Fproduct_tag&post=6109"}],"curies":[{"name":"wp","href":"https:\/\/api.w.org\/{rel}","templated":true}]}}