{"id":6098,"date":"2022-09-09T09:20:29","date_gmt":"2022-09-09T09:20:29","guid":{"rendered":"https:\/\/mabuko.co.mz\/?post_type=product&#038;p=6098"},"modified":"2023-01-05T14:35:14","modified_gmt":"2023-01-05T14:35:14","slug":"como-formar-equipas-de-elevado-desempenho","status":"publish","type":"product","link":"https:\/\/mabuko.co.mz\/site\/?product=como-formar-equipas-de-elevado-desempenho","title":{"rendered":"COMO FORMAR EQUIPAS DE ELEVADO DESEMPENHO"},"content":{"rendered":"<p>Rui Lan\u00e7a<br \/>\n9789725923382<\/p>\n","protected":false},"excerpt":{"rendered":"<p><strong>SINOPSE<\/strong><\/p>\n<p>A motiva\u00e7\u00e3o deste livro n\u00e3o \u00e9 outra sen\u00e3o; a vit\u00f3ria. Para que se forma uma equipa de elevado desempenho? Para atingir se resultados excepcionais. E porque vencer \u00e9 bom para toda a gente. Paradoxalmente, mesmo para os que perdem, porque a vit\u00f3ria elevada a fasquia, fixa um referencial, estimula os que n\u00e3o ganharam a chegar pr\u00f3ximo do primeiro.<\/p>\n<p>Premiar os mais capazes \u00e9 \u00fanica a forma conhecida para gerar riqueza e empregos, criar equipas vencedoras e seguir pela via sustentada do progresso e da prosperidade.<\/p>\n<p>Um pa\u00eds com elevado desempenho consegue-se com equipas de elevado desempenho. Muitas. Em m\u00faltiplas frentes e em todos os dom\u00ednios.<\/p>\n<p>N\u00e3o \u00e9 poesia. Nem utopia. H\u00e1 muita gente a fazer isso. Rui Lan\u00e7a fala com alguns deles neste livro. E ajuda-mos a perceber os v\u00e1rios caminhos- n\u00e3o h\u00e1 evidentemente uma s\u00f3!- para atingir elevados standards atrav\u00e9s de processos colectivos.<\/p>\n","protected":false},"featured_media":6099,"template":"","meta":{"_monsterinsights_skip_tracking":false,"_monsterinsights_sitenote_active":false,"_monsterinsights_sitenote_note":"","_monsterinsights_sitenote_category":0},"product_cat":[102],"product_tag":[],"class_list":{"0":"post-6098","1":"product","2":"type-product","3":"status-publish","4":"has-post-thumbnail","6":"product_cat-livros-tecnicos","7":"pa_book-author-rui-lanca","9":"first","10":"outofstock","11":"shipping-taxable","12":"purchasable","13":"product-type-simple"},"_links":{"self":[{"href":"https:\/\/mabuko.co.mz\/site\/index.php?rest_route=\/wp\/v2\/product\/6098","targetHints":{"allow":["GET"]}}],"collection":[{"href":"https:\/\/mabuko.co.mz\/site\/index.php?rest_route=\/wp\/v2\/product"}],"about":[{"href":"https:\/\/mabuko.co.mz\/site\/index.php?rest_route=\/wp\/v2\/types\/product"}],"wp:featuredmedia":[{"embeddable":true,"href":"https:\/\/mabuko.co.mz\/site\/index.php?rest_route=\/wp\/v2\/media\/6099"}],"wp:attachment":[{"href":"https:\/\/mabuko.co.mz\/site\/index.php?rest_route=%2Fwp%2Fv2%2Fmedia&parent=6098"}],"wp:term":[{"taxonomy":"product_cat","embeddable":true,"href":"https:\/\/mabuko.co.mz\/site\/index.php?rest_route=%2Fwp%2Fv2%2Fproduct_cat&post=6098"},{"taxonomy":"product_tag","embeddable":true,"href":"https:\/\/mabuko.co.mz\/site\/index.php?rest_route=%2Fwp%2Fv2%2Fproduct_tag&post=6098"}],"curies":[{"name":"wp","href":"https:\/\/api.w.org\/{rel}","templated":true}]}}