{"id":6096,"date":"2022-09-09T08:00:56","date_gmt":"2022-09-09T08:00:56","guid":{"rendered":"https:\/\/mabuko.co.mz\/?post_type=product&#038;p=6096"},"modified":"2023-01-05T14:36:33","modified_gmt":"2023-01-05T14:36:33","slug":"um-olhar-sobre-a-administracao-publica-em-mocambique","status":"publish","type":"product","link":"https:\/\/mabuko.co.mz\/site\/?product=um-olhar-sobre-a-administracao-publica-em-mocambique","title":{"rendered":"UM OLHAR SOBRE A ADMINISTRA\u00c7\u00c3O P\u00daBLICA EM MO\u00c7AMBIQUE"},"content":{"rendered":"<p>Isaac Andifoi<\/p>\n<p>9789928799371<\/p>\n","protected":false},"excerpt":{"rendered":"<p><strong>SINOPSE<\/strong><\/p>\n<p>Colec\u00e7\u00e3o legislativos<\/p>\n<p>Das sociedades por quotas no c\u00f3digo comercial de Mo\u00e7ambique<\/p>\n<p>Manual pr\u00e1tico de processo penal<\/p>\n<p>Constitui\u00e7\u00e3o da rep\u00fablica<\/p>\n<p>Estatuto e relacionamento geral dos funcion\u00e1rios e agentes do estado (ERGFAE)<\/p>\n<p>Lei do trabalho<\/p>\n<p>100 ac\u00f3rd\u00e3os da jurisdi\u00e7\u00e3o administrativa<\/p>\n<p>D\u00favidas em direito administrativo.<\/p>\n","protected":false},"featured_media":6097,"template":"","meta":{"_monsterinsights_skip_tracking":false,"_monsterinsights_sitenote_active":false,"_monsterinsights_sitenote_note":"","_monsterinsights_sitenote_category":0},"product_cat":[102],"product_tag":[],"class_list":{"0":"post-6096","1":"product","2":"type-product","3":"status-publish","4":"has-post-thumbnail","6":"product_cat-livros-tecnicos","7":"pa_book-author-isaac-andifoi","9":"first","10":"outofstock","11":"shipping-taxable","12":"purchasable","13":"product-type-simple"},"_links":{"self":[{"href":"https:\/\/mabuko.co.mz\/site\/index.php?rest_route=\/wp\/v2\/product\/6096","targetHints":{"allow":["GET"]}}],"collection":[{"href":"https:\/\/mabuko.co.mz\/site\/index.php?rest_route=\/wp\/v2\/product"}],"about":[{"href":"https:\/\/mabuko.co.mz\/site\/index.php?rest_route=\/wp\/v2\/types\/product"}],"wp:featuredmedia":[{"embeddable":true,"href":"https:\/\/mabuko.co.mz\/site\/index.php?rest_route=\/wp\/v2\/media\/6097"}],"wp:attachment":[{"href":"https:\/\/mabuko.co.mz\/site\/index.php?rest_route=%2Fwp%2Fv2%2Fmedia&parent=6096"}],"wp:term":[{"taxonomy":"product_cat","embeddable":true,"href":"https:\/\/mabuko.co.mz\/site\/index.php?rest_route=%2Fwp%2Fv2%2Fproduct_cat&post=6096"},{"taxonomy":"product_tag","embeddable":true,"href":"https:\/\/mabuko.co.mz\/site\/index.php?rest_route=%2Fwp%2Fv2%2Fproduct_tag&post=6096"}],"curies":[{"name":"wp","href":"https:\/\/api.w.org\/{rel}","templated":true}]}}