{"id":6090,"date":"2022-09-06T10:27:52","date_gmt":"2022-09-06T10:27:52","guid":{"rendered":"https:\/\/mabuko.co.mz\/?post_type=product&#038;p=6090"},"modified":"2026-03-25T14:16:25","modified_gmt":"2026-03-25T14:16:25","slug":"rabhia","status":"publish","type":"product","link":"https:\/\/mabuko.co.mz\/site\/?product=rabhia","title":{"rendered":"RABHIA"},"content":{"rendered":"<p>Luc\u00edlio Manjate<\/p>\n<p>9789928794338<\/p>\n","protected":false},"excerpt":{"rendered":"<p><strong>SINOPSE<\/strong><\/p>\n<p>\u00abRabhia, uma prostituta assassinada em circunst\u00e2ncias adequadamente misteriosas- um enigma que a conclus\u00e3o do livro resolve, mas tamb\u00e9m complica. [&#8230;] O conhecedor da capital de Mo\u00e7ambique poderia refazer os passos desorbitados e convulsos da narrativa, unindo os pontos assinalados pelo romance. O que lhe confere mais do que sua quota-parte de plausibilidade- al\u00e9m de um forte teor visualista, energizado pelo estilo vibrante do autor, que al\u00e7a num compasso veloz.\u00bbHugo Pinto Santos, P\u00fablico.<\/p>\n<p>\u00abLuc\u00edlio Manjate, ao estilo dos grandes mestres do g\u00e9nero policial, tem j\u00e1 um detective (tal como Poirrot de Agtha Christie, o Holmes de conam Doyle, o Maigret de Simenon), o Sthoe, que j\u00e1 vem de A leg\u00edtima dor de D.Sebasti\u00e3o e se apresenta com um not\u00f3rio grau de excentricidade, com tiques e express\u00f5es de linguagem especiais (\u201c Com tudo, somos maningue felizes&#8230;\u201d) que o individualizam.\u00bb Gilberto Matusse,\u00abUm lugar para o policial\u00bb<\/p>\n","protected":false},"featured_media":6160,"template":"","meta":{"_monsterinsights_skip_tracking":false,"_monsterinsights_sitenote_active":false,"_monsterinsights_sitenote_note":"","_monsterinsights_sitenote_category":0},"product_cat":[319],"product_tag":[],"class_list":{"0":"post-6090","1":"product","2":"type-product","3":"status-publish","4":"has-post-thumbnail","6":"product_cat-literatura-mocambicana","7":"pa_book-author-lucilio-manjate","9":"first","10":"instock","11":"shipping-taxable","12":"purchasable","13":"product-type-simple"},"_links":{"self":[{"href":"https:\/\/mabuko.co.mz\/site\/index.php?rest_route=\/wp\/v2\/product\/6090","targetHints":{"allow":["GET"]}}],"collection":[{"href":"https:\/\/mabuko.co.mz\/site\/index.php?rest_route=\/wp\/v2\/product"}],"about":[{"href":"https:\/\/mabuko.co.mz\/site\/index.php?rest_route=\/wp\/v2\/types\/product"}],"wp:featuredmedia":[{"embeddable":true,"href":"https:\/\/mabuko.co.mz\/site\/index.php?rest_route=\/wp\/v2\/media\/6160"}],"wp:attachment":[{"href":"https:\/\/mabuko.co.mz\/site\/index.php?rest_route=%2Fwp%2Fv2%2Fmedia&parent=6090"}],"wp:term":[{"taxonomy":"product_cat","embeddable":true,"href":"https:\/\/mabuko.co.mz\/site\/index.php?rest_route=%2Fwp%2Fv2%2Fproduct_cat&post=6090"},{"taxonomy":"product_tag","embeddable":true,"href":"https:\/\/mabuko.co.mz\/site\/index.php?rest_route=%2Fwp%2Fv2%2Fproduct_tag&post=6090"}],"curies":[{"name":"wp","href":"https:\/\/api.w.org\/{rel}","templated":true}]}}