{"id":6086,"date":"2022-09-06T08:33:29","date_gmt":"2022-09-06T08:33:29","guid":{"rendered":"https:\/\/mabuko.co.mz\/?post_type=product&#038;p=6086"},"modified":"2023-01-05T14:38:48","modified_gmt":"2023-01-05T14:38:48","slug":"excelencia-consciencia-juridica","status":"publish","type":"product","link":"https:\/\/mabuko.co.mz\/site\/?product=excelencia-consciencia-juridica","title":{"rendered":"EXCEL\u00caNCIA &#038; CONSCI\u00caNCIA JUR\u00cdDICA"},"content":{"rendered":"<p>Rodrigues Bia<\/p>\n<p>9789893317914<\/p>\n","protected":false},"excerpt":{"rendered":"<p><strong>SINOPSE<\/strong><\/p>\n<p>O direito\u00a0 \u00e9 um processo em constru\u00e7\u00e3o, no qual voc\u00ea e a sociedade contribuem para o seu desenvolvimento. Tr\u00eas \u00e1reas de actua\u00e7\u00e3o s\u00e3o necess\u00e1rias para que o poder judici\u00e1rio realize a t\u00e3o almejada justi\u00e7a, nomeadamente: Advocacia, Magistraturas judicial e do Minist\u00e9rio P\u00fablico.<\/p>\n<p>Este livro constitui um guia pr\u00e1tico e demonstrativo, do processo de forma\u00e7\u00e3o em uma das \u00e1reas dentre as que formam o tri\u00e2ngulo da justi\u00e7a, a advocacia. Uma \u00e1rea profissional de longa data, e indispens\u00e1vel ao ordenamento jur\u00eddico, devido ao princ\u00edpio do direito a defesa.<\/p>\n<p>Por isso temos o advogado, profissional liberal que actua em prol do cumprimento do principio acima mencionado. Veja no presente livro o processo de forma\u00e7\u00e3o deste profissional, em cada um dos pa\u00edses de l\u00edngua oficial portuguesa no mundo. A postura que se deve adoptar para o sucesso profissional, deve iniciar ainda na fase de aprendizagem.<\/p>\n<p>Descubra tudo o que \u00e9 necess\u00e1rio para a excel\u00eancia profissional nesta \u00e1rea Direito.<\/p>\n","protected":false},"featured_media":6087,"template":"","meta":{"_monsterinsights_skip_tracking":false,"_monsterinsights_sitenote_active":false,"_monsterinsights_sitenote_note":"","_monsterinsights_sitenote_category":0},"product_cat":[102],"product_tag":[],"class_list":{"0":"post-6086","1":"product","2":"type-product","3":"status-publish","4":"has-post-thumbnail","6":"product_cat-livros-tecnicos","7":"pa_book-author-rodrigues-bia","9":"first","10":"outofstock","11":"shipping-taxable","12":"purchasable","13":"product-type-simple"},"_links":{"self":[{"href":"https:\/\/mabuko.co.mz\/site\/index.php?rest_route=\/wp\/v2\/product\/6086","targetHints":{"allow":["GET"]}}],"collection":[{"href":"https:\/\/mabuko.co.mz\/site\/index.php?rest_route=\/wp\/v2\/product"}],"about":[{"href":"https:\/\/mabuko.co.mz\/site\/index.php?rest_route=\/wp\/v2\/types\/product"}],"wp:featuredmedia":[{"embeddable":true,"href":"https:\/\/mabuko.co.mz\/site\/index.php?rest_route=\/wp\/v2\/media\/6087"}],"wp:attachment":[{"href":"https:\/\/mabuko.co.mz\/site\/index.php?rest_route=%2Fwp%2Fv2%2Fmedia&parent=6086"}],"wp:term":[{"taxonomy":"product_cat","embeddable":true,"href":"https:\/\/mabuko.co.mz\/site\/index.php?rest_route=%2Fwp%2Fv2%2Fproduct_cat&post=6086"},{"taxonomy":"product_tag","embeddable":true,"href":"https:\/\/mabuko.co.mz\/site\/index.php?rest_route=%2Fwp%2Fv2%2Fproduct_tag&post=6086"}],"curies":[{"name":"wp","href":"https:\/\/api.w.org\/{rel}","templated":true}]}}