{"id":6085,"date":"2022-09-06T08:07:45","date_gmt":"2022-09-06T08:07:45","guid":{"rendered":"https:\/\/mabuko.co.mz\/?post_type=product&#038;p=6085"},"modified":"2023-01-05T14:39:21","modified_gmt":"2023-01-05T14:39:21","slug":"migracao-internacional-teorias-tematicas-e-analise-do-fenomeno-em-mocambique","status":"publish","type":"product","link":"https:\/\/mabuko.co.mz\/site\/?product=migracao-internacional-teorias-tematicas-e-analise-do-fenomeno-em-mocambique","title":{"rendered":"MIGRA\u00c7\u00c3O INTERNACIONAL  Teorias tem\u00e1ticas e analise do fen\u00f3meno em Mo\u00e7ambique"},"content":{"rendered":"<p>Nelson Antunes<\/p>\n<p>9789893311110<\/p>\n","protected":false},"excerpt":{"rendered":"<p><strong>SINOPSE<\/strong><\/p>\n<p>Pela complexidade deste assunto, migra\u00e7\u00f5es internacionais, recai sobre o Dr. Nelson Antunes o m\u00e9rito de apresentar esta obra [&#8230;] na qual faz uma contribui\u00e7\u00e3o pioneira para a compreens\u00e3o deste grande assunto nas rela\u00e7\u00f5es internacionais. O Dr. Nelson faz sua reflex\u00e3o em tr\u00eas n\u00edveis principais: (i) n\u00edvel te\u00f3rico, onde apresenta algumas teorias que podem ajudar ao leitor a fazer a interpreta\u00e7\u00e3o e sobretudo a hermen\u00eautica do fen\u00f3meno migra\u00e7\u00f5es internacionais no nosso tempo (ii) n\u00edvel tem\u00e1tico no qual o autor aborda as grandes \u00e1reas tem\u00e1ticas da quest\u00e3o das migra\u00e7\u00f5es internacionais e (iii) o n\u00edvel local, ao qual o autor designa de an\u00e1lise do fen\u00f3meno em Mo\u00e7ambique. Na realidade, ainda que do ponto de vista anal\u00edtico se possa distinguir os tr\u00eas n\u00edveis, na pr\u00e1tica a an\u00e1lise sobre Mo\u00e7ambique encontra-se nas unidades que tratam das tem\u00e1ticas das Migra\u00e7\u00f5es internacionais.<\/p>\n<p>Esta obra representa um grande passo na abordagem global e local das tem\u00e1ticas das migra\u00e7\u00f5es internacionais de diversas \u00e1reas. Est\u00e1 de parab\u00e9ns o Dr. Nelson, por p\u00f4r \u00e0 disposi\u00e7\u00e3o da sociedade mo\u00e7ambicana, e n\u00e3o s\u00f3, esta reflex\u00e3o t\u00e3o actual quanto necess\u00e1ria para a compreens\u00e3o dos desafios do nosso tempo.<\/p>\n","protected":false},"featured_media":6162,"template":"","meta":{"_monsterinsights_skip_tracking":false,"_monsterinsights_sitenote_active":false,"_monsterinsights_sitenote_note":"","_monsterinsights_sitenote_category":0},"product_cat":[102],"product_tag":[],"class_list":{"0":"post-6085","1":"product","2":"type-product","3":"status-publish","4":"has-post-thumbnail","6":"product_cat-livros-tecnicos","7":"pa_book-author-nelson-antunes","9":"first","10":"outofstock","11":"shipping-taxable","12":"purchasable","13":"product-type-simple"},"_links":{"self":[{"href":"https:\/\/mabuko.co.mz\/site\/index.php?rest_route=\/wp\/v2\/product\/6085","targetHints":{"allow":["GET"]}}],"collection":[{"href":"https:\/\/mabuko.co.mz\/site\/index.php?rest_route=\/wp\/v2\/product"}],"about":[{"href":"https:\/\/mabuko.co.mz\/site\/index.php?rest_route=\/wp\/v2\/types\/product"}],"wp:featuredmedia":[{"embeddable":true,"href":"https:\/\/mabuko.co.mz\/site\/index.php?rest_route=\/wp\/v2\/media\/6162"}],"wp:attachment":[{"href":"https:\/\/mabuko.co.mz\/site\/index.php?rest_route=%2Fwp%2Fv2%2Fmedia&parent=6085"}],"wp:term":[{"taxonomy":"product_cat","embeddable":true,"href":"https:\/\/mabuko.co.mz\/site\/index.php?rest_route=%2Fwp%2Fv2%2Fproduct_cat&post=6085"},{"taxonomy":"product_tag","embeddable":true,"href":"https:\/\/mabuko.co.mz\/site\/index.php?rest_route=%2Fwp%2Fv2%2Fproduct_tag&post=6085"}],"curies":[{"name":"wp","href":"https:\/\/api.w.org\/{rel}","templated":true}]}}