{"id":6080,"date":"2022-09-02T10:09:39","date_gmt":"2022-09-02T10:09:39","guid":{"rendered":"https:\/\/mabuko.co.mz\/?post_type=product&#038;p=6080"},"modified":"2023-01-05T14:40:31","modified_gmt":"2023-01-05T14:40:31","slug":"portos-flutuantes-transitos-ibero-afro-americanos","status":"publish","type":"product","link":"https:\/\/mabuko.co.mz\/site\/?product=portos-flutuantes-transitos-ibero-afro-americanos","title":{"rendered":"PORTOS FLUTUANTES Tr\u00e2nsitos Ibero-afro-americanos"},"content":{"rendered":"<p>Benjamim Abdala Junior<\/p>\n<p>Marli Fantini Scarpelli<\/p>\n<p>9788574802459<\/p>\n","protected":false},"excerpt":{"rendered":"<p><strong>SINOPSE<\/strong><\/p>\n<p>\u201c Portos flutuantes\u201d \u00e9 uma imagem que procura abarcar a heterogeneidade conflituosa, as culturas h\u00edbridas, as temporalidades mescladas e superpostas; em suma, os processos de mesclagem cultural oriundos de situa\u00e7\u00f5es coloniais e p\u00f3s-coloniais. Trata-se, nesta publica\u00e7\u00e3o, de uma reuni\u00e3o de ensaios resultante do empenho colectivo de v\u00e1rios pesquisadores que buscam enfocar l\u00ednguas, nem sempre pac\u00edfico, como as que podem ser surpreendidas em pa\u00edses que foram, e de certo modo ainda o s\u00e3o, colonizados.<\/p>\n","protected":false},"featured_media":6081,"template":"","meta":{"_monsterinsights_skip_tracking":false,"_monsterinsights_sitenote_active":false,"_monsterinsights_sitenote_note":"","_monsterinsights_sitenote_category":0},"product_cat":[102],"product_tag":[],"class_list":{"0":"post-6080","1":"product","2":"type-product","3":"status-publish","4":"has-post-thumbnail","6":"product_cat-livros-tecnicos","7":"pa_book-author-benjamim-abdala-junior","8":"pa_book-author-marli-fantini-scarpelli","10":"first","11":"outofstock","12":"shipping-taxable","13":"purchasable","14":"product-type-simple"},"_links":{"self":[{"href":"https:\/\/mabuko.co.mz\/site\/index.php?rest_route=\/wp\/v2\/product\/6080","targetHints":{"allow":["GET"]}}],"collection":[{"href":"https:\/\/mabuko.co.mz\/site\/index.php?rest_route=\/wp\/v2\/product"}],"about":[{"href":"https:\/\/mabuko.co.mz\/site\/index.php?rest_route=\/wp\/v2\/types\/product"}],"wp:featuredmedia":[{"embeddable":true,"href":"https:\/\/mabuko.co.mz\/site\/index.php?rest_route=\/wp\/v2\/media\/6081"}],"wp:attachment":[{"href":"https:\/\/mabuko.co.mz\/site\/index.php?rest_route=%2Fwp%2Fv2%2Fmedia&parent=6080"}],"wp:term":[{"taxonomy":"product_cat","embeddable":true,"href":"https:\/\/mabuko.co.mz\/site\/index.php?rest_route=%2Fwp%2Fv2%2Fproduct_cat&post=6080"},{"taxonomy":"product_tag","embeddable":true,"href":"https:\/\/mabuko.co.mz\/site\/index.php?rest_route=%2Fwp%2Fv2%2Fproduct_tag&post=6080"}],"curies":[{"name":"wp","href":"https:\/\/api.w.org\/{rel}","templated":true}]}}