{"id":6067,"date":"2022-09-01T14:04:27","date_gmt":"2022-09-01T14:04:27","guid":{"rendered":"https:\/\/mabuko.co.mz\/?post_type=product&#038;p=6067"},"modified":"2023-01-05T14:41:31","modified_gmt":"2023-01-05T14:41:31","slug":"controversias-contemporaneas-acerca-da-teoria-pratica-e-aplicacao-psicanaliticas","status":"publish","type":"product","link":"https:\/\/mabuko.co.mz\/site\/?product=controversias-contemporaneas-acerca-da-teoria-pratica-e-aplicacao-psicanaliticas","title":{"rendered":"CONTROV\u00c9RSIAS CONTEMPOR\u00c2NEAS ACERCA DA TEORIA, PR\u00c1TICA E APLICA\u00c7\u00c3O PSICANAL\u00cdTICAS"},"content":{"rendered":"<p>Otto Kernberg<\/p>\n<p>9789727962853<\/p>\n","protected":false},"excerpt":{"rendered":"<p><strong>SINOPSE<\/strong><\/p>\n<p>A psican\u00e1lise contempor\u00e2nea est\u00e1 envolvida num processo de transforma\u00e7\u00e3o e enriquecimento activo dos seus pressupostos fundamentais, nomeadamente no que diz respeito ao desenvolvimento, \u00e0 psicopatologia e ao tratamento. Este livro apresenta algumas dessas transforma\u00e7\u00f5es e as controv\u00e9rsias a elas associadas; repensa a t\u00e9cnica psicanal\u00edtica tradicional, bem como as suas modalidades de tratamento em fun\u00e7\u00e3o do impacte causado por novas considera\u00e7\u00f5es sobre o desenvolvimento e a psicopatologia. Uma proposta determinante que influenciou a psican\u00e1lise foi a teoria das rela\u00e7\u00f5es de objecto. Desta forma, inicio o livro com uma revis\u00e3o te\u00f3rica das v\u00e1rias abordagens sobre a teoria psicanal\u00edtica das rela\u00e7\u00f5es de objecto.<\/p>\n","protected":false},"featured_media":6069,"template":"","meta":{"_monsterinsights_skip_tracking":false,"_monsterinsights_sitenote_active":false,"_monsterinsights_sitenote_note":"","_monsterinsights_sitenote_category":0},"product_cat":[102],"product_tag":[],"class_list":{"0":"post-6067","1":"product","2":"type-product","3":"status-publish","4":"has-post-thumbnail","6":"product_cat-livros-tecnicos","7":"pa_book-author-otto-kernberg","9":"first","10":"outofstock","11":"shipping-taxable","12":"purchasable","13":"product-type-simple"},"_links":{"self":[{"href":"https:\/\/mabuko.co.mz\/site\/index.php?rest_route=\/wp\/v2\/product\/6067","targetHints":{"allow":["GET"]}}],"collection":[{"href":"https:\/\/mabuko.co.mz\/site\/index.php?rest_route=\/wp\/v2\/product"}],"about":[{"href":"https:\/\/mabuko.co.mz\/site\/index.php?rest_route=\/wp\/v2\/types\/product"}],"wp:featuredmedia":[{"embeddable":true,"href":"https:\/\/mabuko.co.mz\/site\/index.php?rest_route=\/wp\/v2\/media\/6069"}],"wp:attachment":[{"href":"https:\/\/mabuko.co.mz\/site\/index.php?rest_route=%2Fwp%2Fv2%2Fmedia&parent=6067"}],"wp:term":[{"taxonomy":"product_cat","embeddable":true,"href":"https:\/\/mabuko.co.mz\/site\/index.php?rest_route=%2Fwp%2Fv2%2Fproduct_cat&post=6067"},{"taxonomy":"product_tag","embeddable":true,"href":"https:\/\/mabuko.co.mz\/site\/index.php?rest_route=%2Fwp%2Fv2%2Fproduct_tag&post=6067"}],"curies":[{"name":"wp","href":"https:\/\/api.w.org\/{rel}","templated":true}]}}