{"id":6064,"date":"2022-09-01T13:18:16","date_gmt":"2022-09-01T13:18:16","guid":{"rendered":"https:\/\/mabuko.co.mz\/?post_type=product&#038;p=6064"},"modified":"2023-01-05T14:42:27","modified_gmt":"2023-01-05T14:42:27","slug":"o-que-e-psicologia","status":"publish","type":"product","link":"https:\/\/mabuko.co.mz\/site\/?product=o-que-e-psicologia","title":{"rendered":"O QUE \u00c9 PSICOLOGIA"},"content":{"rendered":"<p>Jorge Correia Jesuino<\/p>\n<p>9789725891797<\/p>\n","protected":false},"excerpt":{"rendered":"<p><strong>SINOPSE<\/strong><\/p>\n<p>Com a reedi\u00e7\u00e3o de\u00a0<i>PSICOLOGIA<\/i>, a Quimera continua a publicar obras h\u00e1 muito esgotadas e que s\u00e3o instrumento de trabalho essencial para os estudantes de v\u00e1rios cursos superiores.<br \/>\nO livro tra\u00e7a uma panor\u00e2mica da Psicologia, e das suas principais correntes, percorrendo as diversas etapas da sua evolu\u00e7\u00e3o e salientando os seus diferentes dom\u00ednios de pesquisa. Desta forma, procura-se mostrar o que \u00e9, e como se expandiu esta disciplina cient\u00edfica, que t\u00e3o profundamente marcou todo o s\u00e9culo XX.<\/p>\n","protected":false},"featured_media":6066,"template":"","meta":{"_monsterinsights_skip_tracking":false,"_monsterinsights_sitenote_active":false,"_monsterinsights_sitenote_note":"","_monsterinsights_sitenote_category":0},"product_cat":[102],"product_tag":[],"class_list":{"0":"post-6064","1":"product","2":"type-product","3":"status-publish","4":"has-post-thumbnail","6":"product_cat-livros-tecnicos","7":"pa_book-author-jorge-correia-jesuino","9":"first","10":"outofstock","11":"shipping-taxable","12":"purchasable","13":"product-type-simple"},"_links":{"self":[{"href":"https:\/\/mabuko.co.mz\/site\/index.php?rest_route=\/wp\/v2\/product\/6064","targetHints":{"allow":["GET"]}}],"collection":[{"href":"https:\/\/mabuko.co.mz\/site\/index.php?rest_route=\/wp\/v2\/product"}],"about":[{"href":"https:\/\/mabuko.co.mz\/site\/index.php?rest_route=\/wp\/v2\/types\/product"}],"wp:featuredmedia":[{"embeddable":true,"href":"https:\/\/mabuko.co.mz\/site\/index.php?rest_route=\/wp\/v2\/media\/6066"}],"wp:attachment":[{"href":"https:\/\/mabuko.co.mz\/site\/index.php?rest_route=%2Fwp%2Fv2%2Fmedia&parent=6064"}],"wp:term":[{"taxonomy":"product_cat","embeddable":true,"href":"https:\/\/mabuko.co.mz\/site\/index.php?rest_route=%2Fwp%2Fv2%2Fproduct_cat&post=6064"},{"taxonomy":"product_tag","embeddable":true,"href":"https:\/\/mabuko.co.mz\/site\/index.php?rest_route=%2Fwp%2Fv2%2Fproduct_tag&post=6064"}],"curies":[{"name":"wp","href":"https:\/\/api.w.org\/{rel}","templated":true}]}}