{"id":6057,"date":"2022-09-01T09:52:38","date_gmt":"2022-09-01T09:52:38","guid":{"rendered":"https:\/\/mabuko.co.mz\/?post_type=product&#038;p=6057"},"modified":"2023-01-05T14:46:01","modified_gmt":"2023-01-05T14:46:01","slug":"terra-poder-e-desenvolvimento-em-mocambique","status":"publish","type":"product","link":"https:\/\/mabuko.co.mz\/site\/?product=terra-poder-e-desenvolvimento-em-mocambique","title":{"rendered":"TERRA, PODER E DESENVOLVIMENTO EM MO\u00c7AMBIQUE"},"content":{"rendered":"<p>Uacitissa Mandamule<\/p>\n<p>9789896700911<\/p>\n","protected":false},"excerpt":{"rendered":"<p><strong>SINOPSE<\/strong><\/p>\n<p>A terra constitui uma das linhas centrais de pesquisa do Observat\u00f3rio do Meio Rural(OMR). O presente livro \u00e9 uma compila\u00e7\u00e3o de textos que resultaram de projectos de pesquisa do OMR ou de escritos cujos autores s\u00e3o pesquisadores ou membros da\u00a0 organiza\u00e7\u00e3o.<br \/>\nPretende-se na obra reflectir sobre quest\u00f5es ligadas \u00e0 Terra em Mo\u00e7ambique e sua rela\u00e7\u00e3o com o desenvolvimento agr\u00e1rio e rural.<br \/>\nO livro conta com sete cap\u00edtulos, nos quais discutem-se quest\u00f5es ligadas ao acesso e seguran\u00e7a de posse da terra, meios judiciais de defesa do Direito de Uso e Aproveitamento da Terra, terra como elemento de poder, gest\u00e3o da terra como instrumento do planeamento do territ\u00f3rio e do desenvolvimento e conflitualidades na rela\u00e7\u00e3o com a terra.<br \/>\nO livro \u00e9 lan\u00e7ado numa altura em que se comemoram 20 anos da aprova\u00e7\u00e3o da actual<br \/>\nLei de Terras (Lei n\u00ba 19\/97 de 1 de Outubro), e pretende ser um contributo aos debates sobre as quest\u00f5es estruturantes do sector de Terras.<\/p>\n","protected":false},"featured_media":6058,"template":"","meta":{"_monsterinsights_skip_tracking":false,"_monsterinsights_sitenote_active":false,"_monsterinsights_sitenote_note":"","_monsterinsights_sitenote_category":0},"product_cat":[102],"product_tag":[],"class_list":{"0":"post-6057","1":"product","2":"type-product","3":"status-publish","4":"has-post-thumbnail","6":"product_cat-livros-tecnicos","7":"pa_book-author-uacitissa-mandamule","9":"first","10":"outofstock","11":"shipping-taxable","12":"purchasable","13":"product-type-simple"},"_links":{"self":[{"href":"https:\/\/mabuko.co.mz\/site\/index.php?rest_route=\/wp\/v2\/product\/6057","targetHints":{"allow":["GET"]}}],"collection":[{"href":"https:\/\/mabuko.co.mz\/site\/index.php?rest_route=\/wp\/v2\/product"}],"about":[{"href":"https:\/\/mabuko.co.mz\/site\/index.php?rest_route=\/wp\/v2\/types\/product"}],"wp:featuredmedia":[{"embeddable":true,"href":"https:\/\/mabuko.co.mz\/site\/index.php?rest_route=\/wp\/v2\/media\/6058"}],"wp:attachment":[{"href":"https:\/\/mabuko.co.mz\/site\/index.php?rest_route=%2Fwp%2Fv2%2Fmedia&parent=6057"}],"wp:term":[{"taxonomy":"product_cat","embeddable":true,"href":"https:\/\/mabuko.co.mz\/site\/index.php?rest_route=%2Fwp%2Fv2%2Fproduct_cat&post=6057"},{"taxonomy":"product_tag","embeddable":true,"href":"https:\/\/mabuko.co.mz\/site\/index.php?rest_route=%2Fwp%2Fv2%2Fproduct_tag&post=6057"}],"curies":[{"name":"wp","href":"https:\/\/api.w.org\/{rel}","templated":true}]}}