{"id":6054,"date":"2022-09-01T08:57:31","date_gmt":"2022-09-01T08:57:31","guid":{"rendered":"https:\/\/mabuko.co.mz\/?post_type=product&#038;p=6054"},"modified":"2023-01-05T14:46:58","modified_gmt":"2023-01-05T14:46:58","slug":"sociologia-a-sociologia-do-microssocial-ao-macroplanetario","status":"publish","type":"product","link":"https:\/\/mabuko.co.mz\/site\/?product=sociologia-a-sociologia-do-microssocial-ao-macroplanetario","title":{"rendered":"SOCIOLOGIA \u2013 A SOCIOLOGIA DO MICROSSOCIAL AO MACROPLANET\u00c1RIO"},"content":{"rendered":"<p>Edgar Morin<\/p>\n<p>9721020850<\/p>\n","protected":false},"excerpt":{"rendered":"<p><strong>SINOPSE<\/strong><\/p>\n<p>\u00abA sociologia deve assumir simultaneamente uma voca\u00e7\u00e3o cientifica e uma voca\u00e7\u00e3o\u00a0estat\u00edstica. O soci\u00f3logo deve assumir as duas culturas nas quais participa: a cultura cientifica e a cultura humanista (filos\u00f3fica e liter\u00e1ria) e deve revelar o desafio da separa\u00e7\u00e3o e do antagonismo entre as duas culturas. Por ai mesmo poderia desempenhar um papel-chave na t\u00e3o necess\u00e1ria\u00a0comunica\u00e7\u00e3o e interfecunda\u00e7\u00e3o entre essas duas culturas.\u00bb<\/p>\n<p>Edgar Morin prop\u00f5e-nos, nesta sua obra, revista e aumentada, um pensamento sociol\u00f3gico que restaure uma organiza\u00e7\u00e3o, ressuscite a reflex\u00e3o sobre os grandes problemas antropossociais e que, ao mesmo tempo, confronte a realidade do presente, a vida dos acontecimentos, a complexidade dos fen\u00f3menos. A Humanidade do quotidiano. Esta \u00absoma sociol\u00f3gica\u00bb ilustra e defende uma concep\u00e7\u00e3o complexificada da sociologia.<\/p>\n","protected":false},"featured_media":6055,"template":"","meta":{"_monsterinsights_skip_tracking":false,"_monsterinsights_sitenote_active":false,"_monsterinsights_sitenote_note":"","_monsterinsights_sitenote_category":0},"product_cat":[102],"product_tag":[],"class_list":{"0":"post-6054","1":"product","2":"type-product","3":"status-publish","4":"has-post-thumbnail","6":"product_cat-livros-tecnicos","7":"pa_book-author-edgar-morin","9":"first","10":"outofstock","11":"shipping-taxable","12":"purchasable","13":"product-type-simple"},"_links":{"self":[{"href":"https:\/\/mabuko.co.mz\/site\/index.php?rest_route=\/wp\/v2\/product\/6054","targetHints":{"allow":["GET"]}}],"collection":[{"href":"https:\/\/mabuko.co.mz\/site\/index.php?rest_route=\/wp\/v2\/product"}],"about":[{"href":"https:\/\/mabuko.co.mz\/site\/index.php?rest_route=\/wp\/v2\/types\/product"}],"wp:featuredmedia":[{"embeddable":true,"href":"https:\/\/mabuko.co.mz\/site\/index.php?rest_route=\/wp\/v2\/media\/6055"}],"wp:attachment":[{"href":"https:\/\/mabuko.co.mz\/site\/index.php?rest_route=%2Fwp%2Fv2%2Fmedia&parent=6054"}],"wp:term":[{"taxonomy":"product_cat","embeddable":true,"href":"https:\/\/mabuko.co.mz\/site\/index.php?rest_route=%2Fwp%2Fv2%2Fproduct_cat&post=6054"},{"taxonomy":"product_tag","embeddable":true,"href":"https:\/\/mabuko.co.mz\/site\/index.php?rest_route=%2Fwp%2Fv2%2Fproduct_tag&post=6054"}],"curies":[{"name":"wp","href":"https:\/\/api.w.org\/{rel}","templated":true}]}}