{"id":6052,"date":"2022-09-01T08:27:06","date_gmt":"2022-09-01T08:27:06","guid":{"rendered":"https:\/\/mabuko.co.mz\/?post_type=product&#038;p=6052"},"modified":"2023-01-05T14:48:17","modified_gmt":"2023-01-05T14:48:17","slug":"relacao-de-qualidade-penso-em-ti","status":"publish","type":"product","link":"https:\/\/mabuko.co.mz\/site\/?product=relacao-de-qualidade-penso-em-ti","title":{"rendered":"RELA\u00c7\u00c3O DE QUALIDADE- Penso em ti"},"content":{"rendered":"<p>Ant\u00f3nio Coimbra de Matos<\/p>\n<p>9789727963195<\/p>\n","protected":false},"excerpt":{"rendered":"<p><strong>SINOPSE<\/strong><\/p>\n<p>A &#8220;Rela\u00e7\u00e3o de Qualidade&#8221;, de Ant\u00f3nio Coimbra de Matos, n\u00e3o \u00e9 estritamente um livro sobre psican\u00e1lise ou t\u00e9cnica psicanal\u00edtica. Trata sim, em primeiro lugar, da natureza da psican\u00e1lise, ou de terapias psicanaliticamente orientadas, e das condi\u00e7\u00f5es tel\u00faricas, \u00e9ticas e psicossociais para que possa funcionar bem. \u00c9 interessante que, como psiquiatra, as primeiras preocupa\u00e7\u00f5es de Coimbra de Matos n\u00e3o sejam sobre psicopatologia ou t\u00e9cnica cl\u00ednica mas sobre a \u00e9tica, o amor, a rela\u00e7\u00e3o precoce, a espiritualidade. \u00c9 sobre o sentido da vida que Matos se interroga \u2026 s\u00f3 depois, directamente, vindo a cl\u00ednica.<\/p>\n","protected":false},"featured_media":6053,"template":"","meta":{"_monsterinsights_skip_tracking":false,"_monsterinsights_sitenote_active":false,"_monsterinsights_sitenote_note":"","_monsterinsights_sitenote_category":0},"product_cat":[102],"product_tag":[],"class_list":{"0":"post-6052","1":"product","2":"type-product","3":"status-publish","4":"has-post-thumbnail","6":"product_cat-livros-tecnicos","7":"pa_book-author-antonio-coimbra-de-matos","9":"first","10":"outofstock","11":"shipping-taxable","12":"purchasable","13":"product-type-simple"},"_links":{"self":[{"href":"https:\/\/mabuko.co.mz\/site\/index.php?rest_route=\/wp\/v2\/product\/6052","targetHints":{"allow":["GET"]}}],"collection":[{"href":"https:\/\/mabuko.co.mz\/site\/index.php?rest_route=\/wp\/v2\/product"}],"about":[{"href":"https:\/\/mabuko.co.mz\/site\/index.php?rest_route=\/wp\/v2\/types\/product"}],"wp:featuredmedia":[{"embeddable":true,"href":"https:\/\/mabuko.co.mz\/site\/index.php?rest_route=\/wp\/v2\/media\/6053"}],"wp:attachment":[{"href":"https:\/\/mabuko.co.mz\/site\/index.php?rest_route=%2Fwp%2Fv2%2Fmedia&parent=6052"}],"wp:term":[{"taxonomy":"product_cat","embeddable":true,"href":"https:\/\/mabuko.co.mz\/site\/index.php?rest_route=%2Fwp%2Fv2%2Fproduct_cat&post=6052"},{"taxonomy":"product_tag","embeddable":true,"href":"https:\/\/mabuko.co.mz\/site\/index.php?rest_route=%2Fwp%2Fv2%2Fproduct_tag&post=6052"}],"curies":[{"name":"wp","href":"https:\/\/api.w.org\/{rel}","templated":true}]}}