{"id":6042,"date":"2022-08-31T13:51:57","date_gmt":"2022-08-31T13:51:57","guid":{"rendered":"https:\/\/mabuko.co.mz\/?post_type=product&#038;p=6042"},"modified":"2023-01-05T14:48:47","modified_gmt":"2023-01-05T14:48:47","slug":"introducao-a-fisica-3a-edicao","status":"publish","type":"product","link":"https:\/\/mabuko.co.mz\/site\/?product=introducao-a-fisica-3a-edicao","title":{"rendered":"INTRODU\u00c7\u00c3O \u00c0 F\u00cdSICA &#8211; 3\u00aa Edi\u00e7\u00e3o"},"content":{"rendered":"<p>Ana Noronha<\/p>\n<p>Jorge Dias de Deus<\/p>\n<p>M\u00e1rio Pimenta<\/p>\n<p>Pedro Brogueira<\/p>\n<p>Teresa Pe\u00f1a<\/p>\n<p>9789725924402<\/p>\n","protected":false},"excerpt":{"rendered":"<p><strong>SINOPSE<\/strong><\/p>\n<p>A Introdu\u00e7\u00e3o \u00e0 F\u00edsica torna agora a aparecer, vinte anos depois, com novo vestu\u00e1rio: o de uma terceira edi\u00e7\u00e3o, revista e aumentada ou revista e melhorada, como conv\u00e9m. No entanto, a ideia que esteve por de tr\u00e1s do livro mant\u00e9m-se: conciliar a intui\u00e7\u00e3o com o rigor. Esfor\u00e7o ut\u00f3pico que, mesmo assim, n\u00e3o fez os autores desistir.<br \/>\nPor um lado, houve a inten\u00e7\u00e3o de transmitir f\u00edsica, f\u00edsica enquanto tal, sem obsess\u00e3o pelas receitas pr\u00e1ticas e pelas utilidades ef\u00e9meras. Por outro, a inten\u00e7\u00e3o de aproveitar ao m\u00e1ximo o sentir que vem do contacto directo com as coisas, evitando barroquismos formais e inutilidades pomposas. Tudo num equil\u00edbrio que se diria inst\u00e1vel, com pedagogias algo suspensas, e resultados quase (ou um tudo nada im-) perfeitos.<br \/>\nMas n\u00e3o valer\u00e1 sempre a pena, quando se parte donde n\u00e3o se esteve antes? De uma coisa os autores \u2014 dizem eles \u2014 est\u00e3o convencidos: o livro \u00e9 \u00fanico. Com os seus erros, falhas, contradi\u00e7\u00f5es, sobreposi\u00e7\u00f5es, incongru\u00eancias e aus\u00eancias. Quem n\u00e3o gostar pode optar diferente. Pode optar por um livro bem comportado, certinho, com tudo no seu lugar incluindo fotografias a cores e f\u00f3rmulas bem encaixilhadas.<br \/>\nO importante, \u00e9 que valha a pena!\u2026<\/p>\n","protected":false},"featured_media":6043,"template":"","meta":{"_monsterinsights_skip_tracking":false,"_monsterinsights_sitenote_active":false,"_monsterinsights_sitenote_note":"","_monsterinsights_sitenote_category":0},"product_cat":[102],"product_tag":[],"class_list":{"0":"post-6042","1":"product","2":"type-product","3":"status-publish","4":"has-post-thumbnail","6":"product_cat-livros-tecnicos","7":"pa_book-author-ana-noronha","8":"pa_book-author-jorge-dias-de-deus","10":"first","11":"outofstock","12":"shipping-taxable","13":"purchasable","14":"product-type-simple"},"_links":{"self":[{"href":"https:\/\/mabuko.co.mz\/site\/index.php?rest_route=\/wp\/v2\/product\/6042","targetHints":{"allow":["GET"]}}],"collection":[{"href":"https:\/\/mabuko.co.mz\/site\/index.php?rest_route=\/wp\/v2\/product"}],"about":[{"href":"https:\/\/mabuko.co.mz\/site\/index.php?rest_route=\/wp\/v2\/types\/product"}],"wp:featuredmedia":[{"embeddable":true,"href":"https:\/\/mabuko.co.mz\/site\/index.php?rest_route=\/wp\/v2\/media\/6043"}],"wp:attachment":[{"href":"https:\/\/mabuko.co.mz\/site\/index.php?rest_route=%2Fwp%2Fv2%2Fmedia&parent=6042"}],"wp:term":[{"taxonomy":"product_cat","embeddable":true,"href":"https:\/\/mabuko.co.mz\/site\/index.php?rest_route=%2Fwp%2Fv2%2Fproduct_cat&post=6042"},{"taxonomy":"product_tag","embeddable":true,"href":"https:\/\/mabuko.co.mz\/site\/index.php?rest_route=%2Fwp%2Fv2%2Fproduct_tag&post=6042"}],"curies":[{"name":"wp","href":"https:\/\/api.w.org\/{rel}","templated":true}]}}