{"id":6034,"date":"2022-08-31T12:59:09","date_gmt":"2022-08-31T12:59:09","guid":{"rendered":"https:\/\/mabuko.co.mz\/?post_type=product&#038;p=6034"},"modified":"2023-01-05T14:13:38","modified_gmt":"2023-01-05T14:13:38","slug":"colectanea-em-administracao-publica","status":"publish","type":"product","link":"https:\/\/mabuko.co.mz\/site\/?product=colectanea-em-administracao-publica","title":{"rendered":"COLECT\u00c2NEA EM ADMINISTRA\u00c7\u00c3O P\u00daBLICA"},"content":{"rendered":"<p>Hugo Consci\u00eancia Silvestre<\/p>\n<p>Joaquim Filipe Ara\u00fajo<br \/>\n9789725923627<\/p>\n","protected":false},"excerpt":{"rendered":"<p><strong>SINOPSE<\/strong><\/p>\n<p>&#8220;As pol\u00edticas p\u00fablicas e os modos de presta\u00e7\u00e3o dos servi\u00e7os p\u00fablicos s\u00e3o temas centrais para toda e qualquer colectividade.<br \/>\nAtrav\u00e9s delas definem-se os bens e servi\u00e7os que ir\u00e3o ser produzidos e prestados para satisfazer as necessidades colectivas individualmente sentidas.<br \/>\nEm consequ\u00eancia \u00e9 necess\u00e1rio proceder \u00e0 implementa\u00e7\u00e3o e avalia\u00e7\u00e3o dessas mesmas pol\u00edticas, colocando-se ao poder pol\u00edtico a op\u00e7\u00e3o entre as alternativas para a sua presta\u00e7\u00e3o. Duas op\u00e7\u00f5es s\u00e3o comummente equacionadas: pela hierarquia atrav\u00e9s da qual a administra\u00e7\u00e3o p\u00fablica e o seu aparato burocr\u00e1tico assumem a produ\u00e7\u00e3o e\/ou presta\u00e7\u00e3o do servi\u00e7o, ou pelo mercado em que uma ou v\u00e1rias organiza\u00e7\u00f5es privadas fazem a produ\u00e7\u00e3o e\/ou presta\u00e7\u00e3o desse mesmo servi\u00e7o.<br \/>\nExiste contudo uma discuss\u00e3o ainda n\u00e3o conclusiva sobre a teoria e os resultados alcan\u00e7ados por estes modos de presta\u00e7\u00e3o do servi\u00e7o p\u00fablico. Face a esta problem\u00e1tica opt\u00e1mos por estruturar este manual em tr\u00eas partes.<br \/>\nA primeira parte providencia um conjunto de cap\u00edtulos te\u00f3ricos que versam sobre o estudo da Administra\u00e7\u00e3o P\u00fablica e onde se discutem as perspectivas te\u00f3ricas que est\u00e3o a emergir fruto da evolu\u00e7\u00e3o dos sistemas administrativos.<br \/>\nNa segunda parte s\u00e3o apresentados estudos que abordam numa perspectiva critica a implementa\u00e7\u00e3o de conceitos relevantes da Gest\u00e3o P\u00fablica.<br \/>\nO \u00faltimo cap\u00edtulo apresenta um conjunto de estudos sobre a governa\u00e7\u00e3o local e as pol\u00edticas p\u00fablicas.&#8221;<\/p>\n","protected":false},"featured_media":6035,"template":"","meta":{"_monsterinsights_skip_tracking":false,"_monsterinsights_sitenote_active":false,"_monsterinsights_sitenote_note":"","_monsterinsights_sitenote_category":0},"product_cat":[102],"product_tag":[],"class_list":{"0":"post-6034","1":"product","2":"type-product","3":"status-publish","4":"has-post-thumbnail","6":"product_cat-livros-tecnicos","7":"pa_book-author-hugo-consciencia-silvestre","8":"pa_book-author-joaquim-filipe-araujo","10":"first","11":"outofstock","12":"shipping-taxable","13":"purchasable","14":"product-type-simple"},"_links":{"self":[{"href":"https:\/\/mabuko.co.mz\/site\/index.php?rest_route=\/wp\/v2\/product\/6034","targetHints":{"allow":["GET"]}}],"collection":[{"href":"https:\/\/mabuko.co.mz\/site\/index.php?rest_route=\/wp\/v2\/product"}],"about":[{"href":"https:\/\/mabuko.co.mz\/site\/index.php?rest_route=\/wp\/v2\/types\/product"}],"wp:featuredmedia":[{"embeddable":true,"href":"https:\/\/mabuko.co.mz\/site\/index.php?rest_route=\/wp\/v2\/media\/6035"}],"wp:attachment":[{"href":"https:\/\/mabuko.co.mz\/site\/index.php?rest_route=%2Fwp%2Fv2%2Fmedia&parent=6034"}],"wp:term":[{"taxonomy":"product_cat","embeddable":true,"href":"https:\/\/mabuko.co.mz\/site\/index.php?rest_route=%2Fwp%2Fv2%2Fproduct_cat&post=6034"},{"taxonomy":"product_tag","embeddable":true,"href":"https:\/\/mabuko.co.mz\/site\/index.php?rest_route=%2Fwp%2Fv2%2Fproduct_tag&post=6034"}],"curies":[{"name":"wp","href":"https:\/\/api.w.org\/{rel}","templated":true}]}}