{"id":6031,"date":"2022-08-31T12:29:08","date_gmt":"2022-08-31T12:29:08","guid":{"rendered":"https:\/\/mabuko.co.mz\/?post_type=product&#038;p=6031"},"modified":"2023-01-05T14:14:52","modified_gmt":"2023-01-05T14:14:52","slug":"a-arte-do-empreendedorismo-o-caminho-da-competencia-e-riqueza","status":"publish","type":"product","link":"https:\/\/mabuko.co.mz\/site\/?product=a-arte-do-empreendedorismo-o-caminho-da-competencia-e-riqueza","title":{"rendered":"A ARTE DO EMPREENDEDORISMO O CAMINHO DA COMPET\u00caNCIA E RIQUEZA"},"content":{"rendered":"<p>Luiz Alberto Alves dos Santos<\/p>\n<p>9789725924334<\/p>\n","protected":false},"excerpt":{"rendered":"<p><strong>SINOPSE<\/strong><\/p>\n<p>Em geral, as pequenas e m\u00e9dias empresas s\u00e3o criadas no ambiente fam\u00edlia, no hor\u00e1rio das refei\u00e7\u00f5es, no calor dos encontros\u00a0 , nas observa\u00e7\u00f5es de rua e, tamb\u00e9m, em alguma fila de pagamento, por vezes, at\u00e9, como forma de subservi\u00eancia.<\/p>\n<p>Em fun\u00e7\u00e3o dessa vulnerabilidade, concebemos este trabalho de maneira a identificar, mais facilmente, oportunidades e posicionamento eficiente em prol do sucesso empresarial.<\/p>\n<p>Grande parte dos empreendedores exerce todas as actividades relativas \u00e0 gest\u00e3o- produ\u00e7\u00e3o, compras, distribui\u00e7\u00e3o, controlo financeiro, log\u00edstica burocracia, faturamento, cria\u00e7\u00e3o, contacto com fornecedores e clientes, exigido todas estas actividades especializa\u00e7\u00f5es para que o neg\u00f3cios empresarial d\u00ea resultado. Al\u00e9m disso, \u00a0empenho e a dedica\u00e7\u00e3o do empres\u00e1rio resultado. Al\u00e9m disso, o empenho e a dedica\u00e7\u00e3o do empres\u00e1rio resultam numa disponibilidade temporal m\u00ednima para pensar no crescimento e no desenvolvimento.<\/p>\n<p>Em fun\u00e7\u00e3o\u00a0desta realidade, o autor, Luiz Alberto Alves dos Santos, evitou quest\u00f5es filos\u00f3ficas, de conte\u00fado incerto, e ouros pormenores cujas perspectivas assentam no futuro distante.<\/p>\n<p>O tema empreendedorismo, aqui tratado, reflecte a aprendizagem de experi\u00eancias de vida.<\/p>\n<p>A planifica\u00e7\u00e3o \u00e9 pr\u00e1tica e n\u00e3o estrat\u00e9gica; o plano \u00e9 de trabalho e n\u00e3o teoria de neg\u00f3cios; a colecta \u00e9 de impostos normais e n\u00e3o a planifica\u00e7\u00e3o\u00a0tribut\u00e1ria; valoriza-se a forma\u00e7\u00e3o de equipa e n\u00e3o a mudan\u00e7a de comportamento.<\/p>\n<p>Assim, como o autor Luiz Alberto A. Dos Santos, reconhecemos a urg\u00eancia dos factos e acreditamos que, difundindo as suas ideias, possamos contribuir para que o jovem empreendedor alcance o sucesso em menor espa\u00e7o de tempo.<\/p>\n","protected":false},"featured_media":6032,"template":"","meta":{"_monsterinsights_skip_tracking":false,"_monsterinsights_sitenote_active":false,"_monsterinsights_sitenote_note":"","_monsterinsights_sitenote_category":0},"product_cat":[102],"product_tag":[],"class_list":{"0":"post-6031","1":"product","2":"type-product","3":"status-publish","4":"has-post-thumbnail","6":"product_cat-livros-tecnicos","7":"pa_book-author-luiz-alberto-alves-dos-santos","9":"first","10":"outofstock","11":"shipping-taxable","12":"purchasable","13":"product-type-simple"},"_links":{"self":[{"href":"https:\/\/mabuko.co.mz\/site\/index.php?rest_route=\/wp\/v2\/product\/6031","targetHints":{"allow":["GET"]}}],"collection":[{"href":"https:\/\/mabuko.co.mz\/site\/index.php?rest_route=\/wp\/v2\/product"}],"about":[{"href":"https:\/\/mabuko.co.mz\/site\/index.php?rest_route=\/wp\/v2\/types\/product"}],"wp:featuredmedia":[{"embeddable":true,"href":"https:\/\/mabuko.co.mz\/site\/index.php?rest_route=\/wp\/v2\/media\/6032"}],"wp:attachment":[{"href":"https:\/\/mabuko.co.mz\/site\/index.php?rest_route=%2Fwp%2Fv2%2Fmedia&parent=6031"}],"wp:term":[{"taxonomy":"product_cat","embeddable":true,"href":"https:\/\/mabuko.co.mz\/site\/index.php?rest_route=%2Fwp%2Fv2%2Fproduct_cat&post=6031"},{"taxonomy":"product_tag","embeddable":true,"href":"https:\/\/mabuko.co.mz\/site\/index.php?rest_route=%2Fwp%2Fv2%2Fproduct_tag&post=6031"}],"curies":[{"name":"wp","href":"https:\/\/api.w.org\/{rel}","templated":true}]}}