{"id":6028,"date":"2022-08-31T09:21:27","date_gmt":"2022-08-31T09:21:27","guid":{"rendered":"https:\/\/mabuko.co.mz\/?post_type=product&#038;p=6028"},"modified":"2023-01-05T14:15:28","modified_gmt":"2023-01-05T14:15:28","slug":"ilha-de-mocambique-contribuicao-para-um-sanitario-1983","status":"publish","type":"product","link":"https:\/\/mabuko.co.mz\/site\/?product=ilha-de-mocambique-contribuicao-para-um-sanitario-1983","title":{"rendered":"ILHA DE MO\u00c7AMBIQUE CONTRIBUI\u00c7\u00c3O PARA UM SANIT\u00c1RIO 1983"},"content":{"rendered":"<p>Jo\u00e3o Schwalbach<\/p>\n<p>Mar\u00eda Cecilia Reyes de La Maza<\/p>\n","protected":false},"excerpt":{"rendered":"<p>Jo\u00e3o Schwalbach Mar\u00eda Cecilia Reyes de La Maza<\/p>\n","protected":false},"featured_media":6167,"template":"","meta":{"_monsterinsights_skip_tracking":false,"_monsterinsights_sitenote_active":false,"_monsterinsights_sitenote_note":"","_monsterinsights_sitenote_category":0},"product_cat":[102],"product_tag":[],"class_list":{"0":"post-6028","1":"product","2":"type-product","3":"status-publish","4":"has-post-thumbnail","6":"product_cat-livros-tecnicos","7":"pa_book-author-joao-schwalbach","8":"pa_book-author-maria-cecilia-reyes-de-la-maza","10":"first","11":"outofstock","12":"shipping-taxable","13":"purchasable","14":"product-type-simple"},"_links":{"self":[{"href":"https:\/\/mabuko.co.mz\/site\/index.php?rest_route=\/wp\/v2\/product\/6028","targetHints":{"allow":["GET"]}}],"collection":[{"href":"https:\/\/mabuko.co.mz\/site\/index.php?rest_route=\/wp\/v2\/product"}],"about":[{"href":"https:\/\/mabuko.co.mz\/site\/index.php?rest_route=\/wp\/v2\/types\/product"}],"wp:featuredmedia":[{"embeddable":true,"href":"https:\/\/mabuko.co.mz\/site\/index.php?rest_route=\/wp\/v2\/media\/6167"}],"wp:attachment":[{"href":"https:\/\/mabuko.co.mz\/site\/index.php?rest_route=%2Fwp%2Fv2%2Fmedia&parent=6028"}],"wp:term":[{"taxonomy":"product_cat","embeddable":true,"href":"https:\/\/mabuko.co.mz\/site\/index.php?rest_route=%2Fwp%2Fv2%2Fproduct_cat&post=6028"},{"taxonomy":"product_tag","embeddable":true,"href":"https:\/\/mabuko.co.mz\/site\/index.php?rest_route=%2Fwp%2Fv2%2Fproduct_tag&post=6028"}],"curies":[{"name":"wp","href":"https:\/\/api.w.org\/{rel}","templated":true}]}}