{"id":6024,"date":"2022-08-31T08:28:34","date_gmt":"2022-08-31T08:28:34","guid":{"rendered":"https:\/\/mabuko.co.mz\/?post_type=product&#038;p=6024"},"modified":"2023-01-05T14:17:56","modified_gmt":"2023-01-05T14:17:56","slug":"introducao-a-gestao-de-organizacoes","status":"publish","type":"product","link":"https:\/\/mabuko.co.mz\/site\/?product=introducao-a-gestao-de-organizacoes","title":{"rendered":"INTRODU\u00c7\u00c3O \u00c0 GEST\u00c3O DE ORGANIZA\u00c7\u00d5ES"},"content":{"rendered":"<p>Filipe Almeida<\/p>\n<p>9789725925133<\/p>\n","protected":false},"excerpt":{"rendered":"<p><strong>SINOPSE<\/strong><\/p>\n<p>Gerir significa transformar.<\/p>\n<p>E transformar implica uma responsabilidade pelo resultado.<\/p>\n<p>Conhecimento t\u00e9cnico, consci\u00eancia do mundo, bom senso e princ\u00edpios morais universalistas s\u00e3o requisitos do bom gestor.<\/p>\n<p>E nada disto se consegue sem estudo e reflex\u00e3o.<\/p>\n<p>Mas a educa\u00e7\u00e3o necessita de tempo, de esfor\u00e7o e de adequada orienta\u00e7\u00e3o.<\/p>\n<p>Tudo bens escassos nesta correria contempor\u00e2nea dos dias sem pensar.<\/p>\n<p>Este livro responde simultaneamente \u00e0 necessidade de ter um acesso simplificado a conhecimento de ponta e \u00e0 necessidade de que esse conhecimento seja rigoroso, abrangente e \u00fatil.<\/p>\n<p>Escrito por docentes especialistas nas diversas \u00e1reas da gest\u00e3o de empresas, trata&#8211;se de um manual did\u00e1ctico que aborda, com conte\u00fado t\u00e9cnico e numa linguagem acess\u00edvel, as diversas \u00e1reas funcionais da Gest\u00e3o.<\/p>\n<p>Destina-se a estudantes, docentes e a todos os profissionais que desejem desenvolver ou aprofundar compet\u00eancias nestas \u00e1reas.<\/p>\n","protected":false},"featured_media":6165,"template":"","meta":{"_monsterinsights_skip_tracking":false,"_monsterinsights_sitenote_active":false,"_monsterinsights_sitenote_note":"","_monsterinsights_sitenote_category":0},"product_cat":[102],"product_tag":[],"class_list":{"0":"post-6024","1":"product","2":"type-product","3":"status-publish","4":"has-post-thumbnail","6":"product_cat-livros-tecnicos","7":"pa_book-author-filipe-almeida","9":"first","10":"outofstock","11":"shipping-taxable","12":"purchasable","13":"product-type-simple"},"_links":{"self":[{"href":"https:\/\/mabuko.co.mz\/site\/index.php?rest_route=\/wp\/v2\/product\/6024","targetHints":{"allow":["GET"]}}],"collection":[{"href":"https:\/\/mabuko.co.mz\/site\/index.php?rest_route=\/wp\/v2\/product"}],"about":[{"href":"https:\/\/mabuko.co.mz\/site\/index.php?rest_route=\/wp\/v2\/types\/product"}],"wp:featuredmedia":[{"embeddable":true,"href":"https:\/\/mabuko.co.mz\/site\/index.php?rest_route=\/wp\/v2\/media\/6165"}],"wp:attachment":[{"href":"https:\/\/mabuko.co.mz\/site\/index.php?rest_route=%2Fwp%2Fv2%2Fmedia&parent=6024"}],"wp:term":[{"taxonomy":"product_cat","embeddable":true,"href":"https:\/\/mabuko.co.mz\/site\/index.php?rest_route=%2Fwp%2Fv2%2Fproduct_cat&post=6024"},{"taxonomy":"product_tag","embeddable":true,"href":"https:\/\/mabuko.co.mz\/site\/index.php?rest_route=%2Fwp%2Fv2%2Fproduct_tag&post=6024"}],"curies":[{"name":"wp","href":"https:\/\/api.w.org\/{rel}","templated":true}]}}