{"id":6019,"date":"2022-08-31T07:37:44","date_gmt":"2022-08-31T07:37:44","guid":{"rendered":"https:\/\/mabuko.co.mz\/?post_type=product&#038;p=6019"},"modified":"2025-10-20T10:16:11","modified_gmt":"2025-10-20T10:16:11","slug":"o-setimo-juramento","status":"publish","type":"product","link":"https:\/\/mabuko.co.mz\/site\/?product=o-setimo-juramento","title":{"rendered":"O S\u00c9TIMO JURAMENTO"},"content":{"rendered":"","protected":false},"excerpt":{"rendered":"<p><strong>SINOPSE<\/strong><\/p>\n<p>[&#8230;] \u00abFa\u00e7as uma substitui\u00e7\u00e3o breve; esque\u00e7a a secret\u00e1ria do David, a Cl\u00e1udia. Tome a Vera pala m\u00e3e do P\u00e1vel, Mikhail por David e Clemente por P\u00e1vel. Temos aqui um cruzamento tanto das lutas das duas mulheres como tamb\u00e9m o ideal socialista que fundamenta a Primeira Rep\u00fablica de 1975 distanciando-se, como \u00e9 \u00f3bvio, pela luta de Samora contra as tradi\u00e7\u00f5es\u00a0como o grau da modernidade\u00a0industrial que se conjuga aos campos de reeduca\u00e7\u00e3o do Niassa. Veja como o Louren\u00e7o, o amigo de David e ele pr\u00f3prio demarcam o dualismo p\u00f3s-independ\u00eancia: a modernidade e a tradi\u00e7\u00e3o. O primeiro\u00a0que vive os meandros da segunda e, o segundo que se distancia desse reduto para assumir a nega\u00e7\u00e3o\u00a0com propor\u00e7\u00f5es\u00a0negativas nos anos da revolu\u00e7\u00e3o\u00bb. \u00abmas, Dinho&#8230;\u00bb, gaguejei. No momento est\u00e1vamos a cruzar a Salvador Alende para depois subirmos por uma avenida que nos levaria a uma paragem junto a um ninho de lixo. Tomamos de seguida uma ruela que conhecia dos tempos de trabalhos por aquelas bandas. O sol j\u00e1 ido, a cidade come\u00e7ava a respirar a n\u00e1usea da modernidade invocada para o homem novo. Esticou a m\u00e3o e segurou-me dizendo: \u00abn\u00e3o compreender\u00e1s o S\u00e9timo juramento fora destes pequenos nadas; [&#8230;].<\/p>\n","protected":false},"featured_media":9054,"template":"","meta":{"_monsterinsights_skip_tracking":false,"_monsterinsights_sitenote_active":false,"_monsterinsights_sitenote_note":"","_monsterinsights_sitenote_category":0},"product_cat":[319],"product_tag":[],"class_list":{"0":"post-6019","1":"product","2":"type-product","3":"status-publish","4":"has-post-thumbnail","6":"product_cat-literatura-mocambicana","7":"pa_book-author-paulina-chiziane","9":"first","10":"outofstock","11":"shipping-taxable","12":"purchasable","13":"product-type-simple"},"_links":{"self":[{"href":"https:\/\/mabuko.co.mz\/site\/index.php?rest_route=\/wp\/v2\/product\/6019","targetHints":{"allow":["GET"]}}],"collection":[{"href":"https:\/\/mabuko.co.mz\/site\/index.php?rest_route=\/wp\/v2\/product"}],"about":[{"href":"https:\/\/mabuko.co.mz\/site\/index.php?rest_route=\/wp\/v2\/types\/product"}],"wp:featuredmedia":[{"embeddable":true,"href":"https:\/\/mabuko.co.mz\/site\/index.php?rest_route=\/wp\/v2\/media\/9054"}],"wp:attachment":[{"href":"https:\/\/mabuko.co.mz\/site\/index.php?rest_route=%2Fwp%2Fv2%2Fmedia&parent=6019"}],"wp:term":[{"taxonomy":"product_cat","embeddable":true,"href":"https:\/\/mabuko.co.mz\/site\/index.php?rest_route=%2Fwp%2Fv2%2Fproduct_cat&post=6019"},{"taxonomy":"product_tag","embeddable":true,"href":"https:\/\/mabuko.co.mz\/site\/index.php?rest_route=%2Fwp%2Fv2%2Fproduct_tag&post=6019"}],"curies":[{"name":"wp","href":"https:\/\/api.w.org\/{rel}","templated":true}]}}