{"id":6003,"date":"2022-08-26T08:30:33","date_gmt":"2022-08-26T08:30:33","guid":{"rendered":"https:\/\/mabuko.co.mz\/?post_type=product&#038;p=6003"},"modified":"2026-02-24T13:42:51","modified_gmt":"2026-02-24T13:42:51","slug":"codigos-penal-e-processo-penal-nova-edicao-copia","status":"publish","type":"product","link":"https:\/\/mabuko.co.mz\/site\/?product=codigos-penal-e-processo-penal-nova-edicao-copia","title":{"rendered":"C\u00d3DIGOS PENAL E PROCESSO PENAL Nova edi\u00e7\u00e3o"},"content":{"rendered":"","protected":false},"excerpt":{"rendered":"<p><strong>SINOPSE <\/strong><\/p>\n<p>A Colec\u00e7\u00e3o Legisla\u00e7\u00e3o tem um novo formato para ser mais f\u00e1cil de manusear e transportar. Todas as edi\u00e7\u00f5es contam com o apoio de uma experiente equipa de especialistas para ir ao encontro das expectativas e necessidades de todos os que, na sua vida profissional e pessoal, lidam com quest\u00f5es legais. Sempre actualizada e de f\u00e1cil consulta, esta colec\u00e7\u00e3o \u00e9 uma ferramenta de trabalho de refer\u00eancia, que permite a explora\u00e7\u00e3o r\u00e1pida e segura da legisla\u00e7\u00e3o.<\/p>\n<p>C\u00f3digo penal ( Lei n. 24\/2019, de 24 de Dezembro)<\/p>\n<p>C\u00f3digo de Processo penal ( Lei n 25\/2019, de 26 de Dezembro)<\/p>\n<p>C\u00f3digo de Execu\u00e7\u00e3o das penas(Lei n 26\/2019, de 27 de Dezembro)<\/p>\n<p>Lei de Preven\u00e7\u00e3o e Combate ao branqueamento de Capitais e financiamento ao Terrorismo (Lei n 14\/2013, de 12 de Agosto)<\/p>\n<p>Regulamento da Lei de preven\u00e7\u00e3o\u00a0 \u00a0e Combate ao Branqueamento de Capitais e Financiamento ao Terrorismo (Decreto n 66\/2014, de 29 de Outubro)<\/p>\n<p>Regime jur\u00eddico de preven\u00e7\u00e3o, repress\u00e3o e Combate ao trafico de pessoas, em particular Mulheres e crian\u00e7as, nomeadamente a criminaliza\u00e7\u00e3o do trafico de pessoas e Actividades Conexas ( Lei n 6\/2008 de Julho)<\/p>\n","protected":false},"featured_media":9202,"template":"","meta":{"_monsterinsights_skip_tracking":false,"_monsterinsights_sitenote_active":false,"_monsterinsights_sitenote_note":"","_monsterinsights_sitenote_category":0},"product_cat":[102],"product_tag":[],"class_list":{"0":"post-6003","1":"product","2":"type-product","3":"status-publish","4":"has-post-thumbnail","6":"product_cat-livros-tecnicos","8":"first","9":"outofstock","10":"shipping-taxable","11":"purchasable","12":"product-type-simple"},"_links":{"self":[{"href":"https:\/\/mabuko.co.mz\/site\/index.php?rest_route=\/wp\/v2\/product\/6003","targetHints":{"allow":["GET"]}}],"collection":[{"href":"https:\/\/mabuko.co.mz\/site\/index.php?rest_route=\/wp\/v2\/product"}],"about":[{"href":"https:\/\/mabuko.co.mz\/site\/index.php?rest_route=\/wp\/v2\/types\/product"}],"wp:featuredmedia":[{"embeddable":true,"href":"https:\/\/mabuko.co.mz\/site\/index.php?rest_route=\/wp\/v2\/media\/9202"}],"wp:attachment":[{"href":"https:\/\/mabuko.co.mz\/site\/index.php?rest_route=%2Fwp%2Fv2%2Fmedia&parent=6003"}],"wp:term":[{"taxonomy":"product_cat","embeddable":true,"href":"https:\/\/mabuko.co.mz\/site\/index.php?rest_route=%2Fwp%2Fv2%2Fproduct_cat&post=6003"},{"taxonomy":"product_tag","embeddable":true,"href":"https:\/\/mabuko.co.mz\/site\/index.php?rest_route=%2Fwp%2Fv2%2Fproduct_tag&post=6003"}],"curies":[{"name":"wp","href":"https:\/\/api.w.org\/{rel}","templated":true}]}}