{"id":5986,"date":"2022-08-25T06:52:01","date_gmt":"2022-08-25T06:52:01","guid":{"rendered":"https:\/\/mabuko.co.mz\/?post_type=product&#038;p=5986"},"modified":"2023-01-05T14:20:20","modified_gmt":"2023-01-05T14:20:20","slug":"meledina-ou-a-historia-duma-prostituta","status":"publish","type":"product","link":"https:\/\/mabuko.co.mz\/site\/?product=meledina-ou-a-historia-duma-prostituta","title":{"rendered":"MELEDINA (ou a hist\u00f3ria duma prostituta)"},"content":{"rendered":"<p>Aldino Muianga<\/p>\n<p>9789024796359<\/p>\n","protected":false},"excerpt":{"rendered":"<p><strong>SINOPSE<\/strong><\/p>\n<p>\u201cBurahimo\u201d \u00e9 tomado por um desejo voraz por Meledina, menina negra de Banguine, uma comunidade rural. O excesso de generosidade para com ela favorece a consuma\u00e7\u00e3o das suas sedes. Mas come\u00e7a a ser tomado por um sentimento de p\u00e2nico, ao imaginar que a adolescente possa ficar gr\u00e1vida e que se venha a saber do seu envolvimento com ela.<br \/>\nA cada dia, mais se intensifica o seu tormento. Por fim, convence Meledina a deixar Banguine, com promessas de um Maputo onde o dinheiro corre como as \u00e1guas do rio. Na ent\u00e3o Louren\u00e7o Marques, Meledina \u00e9 arrancada da sua ingenuidade e desafiada a mergulhar numa onda que a arrasta a conhecer o outro lado da vida, uma vida muito boa para alguns, poucos, mas crudel\u00edssima e injusta para tantos outros. \u00c9 nesse imundo que a pobre filha de Banguine tem que achar o sentido da sua vida e, qui\u00e7\u00e1, do seu destino. Um longo percurso banhado de l\u00e1grimas e alguns sorrisos.<\/p>\n","protected":false},"featured_media":5987,"template":"","meta":{"_monsterinsights_skip_tracking":false,"_monsterinsights_sitenote_active":false,"_monsterinsights_sitenote_note":"","_monsterinsights_sitenote_category":0},"product_cat":[105],"product_tag":[],"class_list":{"0":"post-5986","1":"product","2":"type-product","3":"status-publish","4":"has-post-thumbnail","6":"product_cat-romance","7":"pa_book-author-aldino-muianga","9":"first","10":"outofstock","11":"shipping-taxable","12":"purchasable","13":"product-type-simple"},"_links":{"self":[{"href":"https:\/\/mabuko.co.mz\/site\/index.php?rest_route=\/wp\/v2\/product\/5986","targetHints":{"allow":["GET"]}}],"collection":[{"href":"https:\/\/mabuko.co.mz\/site\/index.php?rest_route=\/wp\/v2\/product"}],"about":[{"href":"https:\/\/mabuko.co.mz\/site\/index.php?rest_route=\/wp\/v2\/types\/product"}],"wp:featuredmedia":[{"embeddable":true,"href":"https:\/\/mabuko.co.mz\/site\/index.php?rest_route=\/wp\/v2\/media\/5987"}],"wp:attachment":[{"href":"https:\/\/mabuko.co.mz\/site\/index.php?rest_route=%2Fwp%2Fv2%2Fmedia&parent=5986"}],"wp:term":[{"taxonomy":"product_cat","embeddable":true,"href":"https:\/\/mabuko.co.mz\/site\/index.php?rest_route=%2Fwp%2Fv2%2Fproduct_cat&post=5986"},{"taxonomy":"product_tag","embeddable":true,"href":"https:\/\/mabuko.co.mz\/site\/index.php?rest_route=%2Fwp%2Fv2%2Fproduct_tag&post=5986"}],"curies":[{"name":"wp","href":"https:\/\/api.w.org\/{rel}","templated":true}]}}