{"id":5955,"date":"2022-08-22T14:16:29","date_gmt":"2022-08-22T14:16:29","guid":{"rendered":"https:\/\/mabuko.co.mz\/?post_type=product&#038;p=5955"},"modified":"2023-01-05T14:23:35","modified_gmt":"2023-01-05T14:23:35","slug":"a-historia-de-joao-gala-gala","status":"publish","type":"product","link":"https:\/\/mabuko.co.mz\/site\/?product=a-historia-de-joao-gala-gala","title":{"rendered":"A HIST\u00d3RIA DE JO\u00c3O GALA-GALA"},"content":{"rendered":"<p>Chico Ant\u00f3nio<\/p>\n<p>Pedro Pereira Lopes<\/p>\n","protected":false},"excerpt":{"rendered":"<p><strong>SINOPSE<\/strong><\/p>\n<p>Este conto, editado em 2017 pela EPM-CELP, baseou-se na biografia de Chico Ant\u00f3nio, m\u00fasico mo\u00e7ambicano. Pedro Lopes recolhe a voz de Chico Ant\u00f3nio tornando-se o narrador das aventuras de um rapaz que sai do campo para as margens das ruas da cidade, onde semeia amigos e hist\u00f3rias e recolhe sons e harmonias com que mais tarde compor\u00e1 as suas can\u00e7\u00f5es. Lu\u00eds Cardoso empresta a esta hist\u00f3ria cor, forma e movimento, integrando-a num cen\u00e1rio fant\u00e1stico onde o ocre do campo se mescla com as luzes da cidade e dos seus m\u00faltiplos recantos e submundos.<\/p>\n","protected":false},"featured_media":5956,"template":"","meta":{"_monsterinsights_skip_tracking":false,"_monsterinsights_sitenote_active":false,"_monsterinsights_sitenote_note":"","_monsterinsights_sitenote_category":0},"product_cat":[135],"product_tag":[],"class_list":{"0":"post-5955","1":"product","2":"type-product","3":"status-publish","4":"has-post-thumbnail","6":"product_cat-infantil","7":"pa_book-author-chico-antonio","8":"pa_book-author-pedro-pereira-lopes","10":"first","11":"outofstock","12":"shipping-taxable","13":"purchasable","14":"product-type-simple"},"_links":{"self":[{"href":"https:\/\/mabuko.co.mz\/site\/index.php?rest_route=\/wp\/v2\/product\/5955","targetHints":{"allow":["GET"]}}],"collection":[{"href":"https:\/\/mabuko.co.mz\/site\/index.php?rest_route=\/wp\/v2\/product"}],"about":[{"href":"https:\/\/mabuko.co.mz\/site\/index.php?rest_route=\/wp\/v2\/types\/product"}],"wp:featuredmedia":[{"embeddable":true,"href":"https:\/\/mabuko.co.mz\/site\/index.php?rest_route=\/wp\/v2\/media\/5956"}],"wp:attachment":[{"href":"https:\/\/mabuko.co.mz\/site\/index.php?rest_route=%2Fwp%2Fv2%2Fmedia&parent=5955"}],"wp:term":[{"taxonomy":"product_cat","embeddable":true,"href":"https:\/\/mabuko.co.mz\/site\/index.php?rest_route=%2Fwp%2Fv2%2Fproduct_cat&post=5955"},{"taxonomy":"product_tag","embeddable":true,"href":"https:\/\/mabuko.co.mz\/site\/index.php?rest_route=%2Fwp%2Fv2%2Fproduct_tag&post=5955"}],"curies":[{"name":"wp","href":"https:\/\/api.w.org\/{rel}","templated":true}]}}