{"id":5952,"date":"2022-08-22T13:51:27","date_gmt":"2022-08-22T13:51:27","guid":{"rendered":"https:\/\/mabuko.co.mz\/?post_type=product&#038;p=5952"},"modified":"2023-01-05T14:24:17","modified_gmt":"2023-01-05T14:24:17","slug":"dicionario-changana-portugues","status":"publish","type":"product","link":"https:\/\/mabuko.co.mz\/site\/?product=dicionario-changana-portugues","title":{"rendered":"Dicion\u00e1rio Changana -Portugu\u00eas"},"content":{"rendered":"<p>Bento Sitoe<\/p>\n<p>9789024799671<\/p>\n","protected":false},"excerpt":{"rendered":"<p>Nesta sua 2.\u00aa edi\u00e7\u00e3o, o dicion\u00e1rio comporta 14348 entradas, contra as cerca de 12000 da edi\u00e7\u00e3o anterior. O dicion\u00e1rio pretende essencialmente:<br \/>\na) fornecer ao falante de Changana os meios necess\u00e1rios para se exprimir em Portugu\u00eas:<br \/>\nb) fornecer ao falante de Portugu\u00eas os meios necess\u00e1rios para compreender o que ouve ou l\u00ea em Changana.<br \/>\nPara isto, o dicion\u00e1rio integra frases ilustrativas com a respectiva tradu\u00e7\u00e3o e fornece informa\u00e7\u00e3o gramatical atrav\u00e9s de material ilustrativo que indica o g\u00e9nero gramatical, a transitividade e o tipo de preposi\u00e7\u00e3o que rege o verbo. Por outro lado, onde se achou que o equivalente em Portugu\u00eas era dif\u00edcil ou semanticamente amb\u00edguo quando isolado, o dicion\u00e1rio fornece sin\u00f3nimos e\/ou defini\u00e7\u00f5es complementares.<\/p>\n","protected":false},"featured_media":5953,"template":"","meta":{"_monsterinsights_skip_tracking":false,"_monsterinsights_sitenote_active":false,"_monsterinsights_sitenote_note":"","_monsterinsights_sitenote_category":0},"product_cat":[101],"product_tag":[],"class_list":{"0":"post-5952","1":"product","2":"type-product","3":"status-publish","4":"has-post-thumbnail","6":"product_cat-livros-escolares","7":"pa_book-author-bento-sitoe","9":"first","10":"outofstock","11":"shipping-taxable","12":"purchasable","13":"product-type-simple"},"_links":{"self":[{"href":"https:\/\/mabuko.co.mz\/site\/index.php?rest_route=\/wp\/v2\/product\/5952","targetHints":{"allow":["GET"]}}],"collection":[{"href":"https:\/\/mabuko.co.mz\/site\/index.php?rest_route=\/wp\/v2\/product"}],"about":[{"href":"https:\/\/mabuko.co.mz\/site\/index.php?rest_route=\/wp\/v2\/types\/product"}],"wp:featuredmedia":[{"embeddable":true,"href":"https:\/\/mabuko.co.mz\/site\/index.php?rest_route=\/wp\/v2\/media\/5953"}],"wp:attachment":[{"href":"https:\/\/mabuko.co.mz\/site\/index.php?rest_route=%2Fwp%2Fv2%2Fmedia&parent=5952"}],"wp:term":[{"taxonomy":"product_cat","embeddable":true,"href":"https:\/\/mabuko.co.mz\/site\/index.php?rest_route=%2Fwp%2Fv2%2Fproduct_cat&post=5952"},{"taxonomy":"product_tag","embeddable":true,"href":"https:\/\/mabuko.co.mz\/site\/index.php?rest_route=%2Fwp%2Fv2%2Fproduct_tag&post=5952"}],"curies":[{"name":"wp","href":"https:\/\/api.w.org\/{rel}","templated":true}]}}