{"id":5948,"date":"2022-08-22T13:11:46","date_gmt":"2022-08-22T13:11:46","guid":{"rendered":"https:\/\/mabuko.co.mz\/?post_type=product&#038;p=5948"},"modified":"2023-01-05T13:51:32","modified_gmt":"2023-01-05T13:51:32","slug":"turismo-organizacao-e-gestao","status":"publish","type":"product","link":"https:\/\/mabuko.co.mz\/site\/?product=turismo-organizacao-e-gestao","title":{"rendered":"TURISMO Organiza\u00e7\u00e3o e Gest\u00e3o"},"content":{"rendered":"<p>Manuel Brazinha Firmino<\/p>\n<p>9789725922149<\/p>\n","protected":false},"excerpt":{"rendered":"<p><strong>SINOPSE<\/strong><\/p>\n<p>Este livro interessa a todos os p\u00fablicos que queiram estudar ci\u00eancias empres\u00e1rias, com enfoque especial na gest\u00e3o Estrat\u00e9gica das Empresas Tur\u00edsticas e das Organiza\u00e7\u00f5es\u00a0Nacionais de Turismo. O leitor ficar\u00e1 familiarizado com o contributo dos principais autores a n\u00edvel internacional, neste dom\u00ednio, e ter\u00e1 a oportunidade de aprender os conceitos fundamentais que s\u00e3o ensinados nas escolas superiores, ao n\u00edvel deste livro poder\u00e3o ajudar igualmente os profissionais da Gest\u00e3o, com responsabilidades de lideran\u00e7a nas empresas.<\/p>\n<p>Pretende-se com este livro, articular\u00a0 marketing e a procura com as tend\u00eancias da oferta das empresas, numa perspectiva integrada e sist\u00e9mica, envolvendo um leque muito variado de stakehoders, que, com as suas estrat\u00e9gias, tornam os destinos competitivos e atractivos. Foi adoptado um enfoque interdisciplinar, dado o car\u00e1cter complexo das estruturas empresariais da actualidade, com destaque para os novos modelos de negocio, uma nova cultura de empresa tende a substituir os tradicionais modelos de produ\u00e7\u00e3o\u00a0em sistema fechado.<\/p>\n<p>O leitor estuda quest\u00f5es da gest\u00e3o da actualidade , nos seguintes dom\u00ednios; investiga\u00e7\u00e3o em turismo; conceitos fundamentais e tend\u00eancias do turismo; turismo e economia; a caracteriza\u00e7\u00e3o do novo turismo, as novas tend\u00eancias da procura e o marketing; as potencialidades da oferta tur\u00edstica e o papel das empresas em face dos novos desafios colocados aos destinos tur\u00edsticos; os modelos de competitividade, atractividade e sustentabilidade dos destinos tur\u00edsticos, com destaque para Portugal e seus principais destinos concorrente; as fun\u00e7\u00f5es\u00a0do Estado no turismo, a politica de turismo em Portugal e as estrat\u00e9gias das empresas e o sistema tur\u00edstico; o turismo incoming e os problemas de advertising; os produtos, os mercados, os riscos e as oportunidades para o turismo em Portugal.<\/p>\n<p>&nbsp;<\/p>\n","protected":false},"featured_media":5949,"template":"","meta":{"_monsterinsights_skip_tracking":false,"_monsterinsights_sitenote_active":false,"_monsterinsights_sitenote_note":"","_monsterinsights_sitenote_category":0},"product_cat":[102],"product_tag":[],"class_list":{"0":"post-5948","1":"product","2":"type-product","3":"status-publish","4":"has-post-thumbnail","6":"product_cat-livros-tecnicos","7":"pa_book-author-manuel-brazinha-firmino","9":"first","10":"outofstock","11":"shipping-taxable","12":"purchasable","13":"product-type-simple"},"_links":{"self":[{"href":"https:\/\/mabuko.co.mz\/site\/index.php?rest_route=\/wp\/v2\/product\/5948","targetHints":{"allow":["GET"]}}],"collection":[{"href":"https:\/\/mabuko.co.mz\/site\/index.php?rest_route=\/wp\/v2\/product"}],"about":[{"href":"https:\/\/mabuko.co.mz\/site\/index.php?rest_route=\/wp\/v2\/types\/product"}],"wp:featuredmedia":[{"embeddable":true,"href":"https:\/\/mabuko.co.mz\/site\/index.php?rest_route=\/wp\/v2\/media\/5949"}],"wp:attachment":[{"href":"https:\/\/mabuko.co.mz\/site\/index.php?rest_route=%2Fwp%2Fv2%2Fmedia&parent=5948"}],"wp:term":[{"taxonomy":"product_cat","embeddable":true,"href":"https:\/\/mabuko.co.mz\/site\/index.php?rest_route=%2Fwp%2Fv2%2Fproduct_cat&post=5948"},{"taxonomy":"product_tag","embeddable":true,"href":"https:\/\/mabuko.co.mz\/site\/index.php?rest_route=%2Fwp%2Fv2%2Fproduct_tag&post=5948"}],"curies":[{"name":"wp","href":"https:\/\/api.w.org\/{rel}","templated":true}]}}